{"id":726,"date":"2022-06-20T16:41:20","date_gmt":"2022-06-20T21:41:20","guid":{"rendered":"https:\/\/quibi.com.co\/?page_id=726"},"modified":"2023-02-19T11:22:08","modified_gmt":"2023-02-19T16:22:08","slug":"division-rx","status":"publish","type":"page","link":"https:\/\/quibi.com.co\/en\/division-rx\/","title":{"rendered":"Hospitalary Division"},"content":{"rendered":"<section class=\"elementor-section elementor-top-section elementor-element elementor-section-full_width elementor-section-height-default elementor-section-height-default\" data-element_type=\"section\">\r\n    <div class=\"elementor-container elementor-column-gap-default\">\r\n        <div class=\"elementor-column elementor-col-100 elementor-top-column elementor-element\" data-element_type=\"column\" data-settings=\"{&quot;background_background&quot;:&quot;classic&quot;}\">\r\n            <div class=\"elementor-widget-wrap elementor-element-populated\">\r\n                <div class=\"elementor-element elementor-widget elementor-widget-heading\" data-element_type=\"widget\" data-widget_type=\"heading.default\">\r\n                    <div class=\"elementor-widget-container py-5 text-center\">\r\n                        <p>Este contenido se encuentra disponible exclusivamente para los m\u00e9dicos registrados en nuestro portal web.\u00a0<\/p>\r\n                        <p>Si ya se encuentra registrado, <a href=\"https:\/\/quibi.com.co\/en\/medicos\/\">Inicia Sesi\u00f3n<\/a>. Si a\u00fan no lo est\u00e1, le invitamos a <a href=\"https:\/\/quibi.com.co\/en\/medicos\/\">Sign Up<\/a>.<\/p>\r\n                    <\/div>\r\n                <\/div>\r\n            <\/div>\r\n        <\/div>\r\n    <\/div>\r\n<\/section>","protected":false},"excerpt":{"rendered":"","protected":false},"author":1,"featured_media":0,"parent":0,"menu_order":0,"comment_status":"closed","ping_status":"closed","template":"","meta":{"footnotes":""},"class_list":["post-726","page","type-page","status-publish"],"yoast_head":"<!-- This site is optimized with the Yoast SEO plugin v27.5 - https:\/\/yoast.com\/product\/yoast-seo-wordpress\/ -->\n<title>Medicamentos con receta | Divisi\u00f3n RX | Quibi | Colombia<\/title>\n<meta name=\"description\" content=\"Medicamentos con receta elaborados con una selecci\u00f3n exigente de materias primas, materiales de empaque, recursos tecnol\u00f3gicos, t\u00e9cnicas de producci\u00f3n y un excelente equipo humano.\" \/>\n<meta name=\"robots\" content=\"index, follow, max-snippet:-1, max-image-preview:large, max-video-preview:-1\" \/>\n<link rel=\"canonical\" href=\"https:\/\/quibi.com.co\/en\/division-rx\/\" \/>\n<meta property=\"og:locale\" content=\"en_US\" \/>\n<meta property=\"og:type\" content=\"article\" \/>\n<meta property=\"og:title\" content=\"Medicamentos con receta | Divisi\u00f3n RX | Quibi | Colombia\" \/>\n<meta property=\"og:description\" content=\"Medicamentos con receta elaborados con una selecci\u00f3n exigente de materias primas, materiales de empaque, recursos tecnol\u00f3gicos, t\u00e9cnicas de producci\u00f3n y un excelente equipo humano.\" \/>\n<meta property=\"og:url\" content=\"https:\/\/quibi.com.co\/en\/division-rx\/\" \/>\n<meta property=\"og:site_name\" content=\"Quibi | Empresa Farmaceutica | Colombia\" \/>\n<meta property=\"article:modified_time\" content=\"2023-02-19T16:22:08+00:00\" \/>\n<meta property=\"og:image\" content=\"https:\/\/quibi.com.co\/wp-content\/uploads\/2022\/06\/b47589f1827e8bcc31b54616c3da3e03.png\" \/>\n<meta name=\"twitter:card\" content=\"summary_large_image\" \/>\n<script type=\"application\/ld+json\" class=\"yoast-schema-graph\">{\"@context\":\"https:\\\/\\\/schema.org\",\"@graph\":[{\"@type\":\"WebPage\",\"@id\":\"https:\\\/\\\/quibi.com.co\\\/division-rx\\\/\",\"url\":\"https:\\\/\\\/quibi.com.co\\\/division-rx\\\/\",\"name\":\"Medicamentos con receta | Divisi\u00f3n RX | Quibi | Colombia\",\"isPartOf\":{\"@id\":\"https:\\\/\\\/quibi.com.co\\\/#website\"},\"primaryImageOfPage\":{\"@id\":\"https:\\\/\\\/quibi.com.co\\\/division-rx\\\/#primaryimage\"},\"image\":{\"@id\":\"https:\\\/\\\/quibi.com.co\\\/division-rx\\\/#primaryimage\"},\"thumbnailUrl\":\"https:\\\/\\\/quibi.com.co\\\/wp-content\\\/uploads\\\/2022\\\/06\\\/b47589f1827e8bcc31b54616c3da3e03.png\",\"datePublished\":\"2022-06-20T21:41:20+00:00\",\"dateModified\":\"2023-02-19T16:22:08+00:00\",\"description\":\"Medicamentos con receta elaborados con una selecci\u00f3n exigente de materias primas, materiales de empaque, recursos tecnol\u00f3gicos, t\u00e9cnicas de producci\u00f3n y un excelente equipo humano.\",\"breadcrumb\":{\"@id\":\"https:\\\/\\\/quibi.com.co\\\/division-rx\\\/#breadcrumb\"},\"inLanguage\":\"en-US\",\"potentialAction\":[{\"@type\":\"ReadAction\",\"target\":[\"https:\\\/\\\/quibi.com.co\\\/division-rx\\\/\"]}]},{\"@type\":\"ImageObject\",\"inLanguage\":\"en-US\",\"@id\":\"https:\\\/\\\/quibi.com.co\\\/division-rx\\\/#primaryimage\",\"url\":\"https:\\\/\\\/quibi.com.co\\\/wp-content\\\/uploads\\\/2022\\\/06\\\/b47589f1827e8bcc31b54616c3da3e03.png\",\"contentUrl\":\"https:\\\/\\\/quibi.com.co\\\/wp-content\\\/uploads\\\/2022\\\/06\\\/b47589f1827e8bcc31b54616c3da3e03.png\"},{\"@type\":\"BreadcrumbList\",\"@id\":\"https:\\\/\\\/quibi.com.co\\\/division-rx\\\/#breadcrumb\",\"itemListElement\":[{\"@type\":\"ListItem\",\"position\":1,\"name\":\"Inicio\",\"item\":\"https:\\\/\\\/quibi.com.co\\\/\"},{\"@type\":\"ListItem\",\"position\":2,\"name\":\"Divisi\u00f3n RX\"}]},{\"@type\":\"WebSite\",\"@id\":\"https:\\\/\\\/quibi.com.co\\\/#website\",\"url\":\"https:\\\/\\\/quibi.com.co\\\/\",\"name\":\"Quibi | Empresa Farmaceutica | Colombia\",\"description\":\"Empresa farmac\u00e9utica especializada en el desarrollo, manufactura y comercializaci\u00f3n de medicamentos est\u00e9riles, no est\u00e9riles, antibi\u00f3ticos, s\u00f3lidos, oft\u00e1lmicos, dispositivos m\u00e9dicos y suplementos dietarios para uso humano y veterinario.\",\"publisher\":{\"@id\":\"https:\\\/\\\/quibi.com.co\\\/#organization\"},\"potentialAction\":[{\"@type\":\"SearchAction\",\"target\":{\"@type\":\"EntryPoint\",\"urlTemplate\":\"https:\\\/\\\/quibi.com.co\\\/?s={search_term_string}\"},\"query-input\":{\"@type\":\"PropertyValueSpecification\",\"valueRequired\":true,\"valueName\":\"search_term_string\"}}],\"inLanguage\":\"en-US\"},{\"@type\":\"Organization\",\"@id\":\"https:\\\/\\\/quibi.com.co\\\/#organization\",\"name\":\"Quibi | Empresa Farmaceutica | Colombia\",\"url\":\"https:\\\/\\\/quibi.com.co\\\/\",\"logo\":{\"@type\":\"ImageObject\",\"inLanguage\":\"en-US\",\"@id\":\"https:\\\/\\\/quibi.com.co\\\/#\\\/schema\\\/logo\\\/image\\\/\",\"url\":\"https:\\\/\\\/quibi.com.co\\\/wp-content\\\/uploads\\\/2022\\\/09\\\/header2-300x176-1.png\",\"contentUrl\":\"https:\\\/\\\/quibi.com.co\\\/wp-content\\\/uploads\\\/2022\\\/09\\\/header2-300x176-1.png\",\"width\":300,\"height\":176,\"caption\":\"Quibi | Empresa Farmaceutica | Colombia\"},\"image\":{\"@id\":\"https:\\\/\\\/quibi.com.co\\\/#\\\/schema\\\/logo\\\/image\\\/\"}}]}<\/script>\n<!-- \/ Yoast SEO plugin. -->","yoast_head_json":{"title":"Medicamentos con receta | Divisi\u00f3n RX | Quibi | Colombia","description":"Medicamentos con receta elaborados con una selecci\u00f3n exigente de materias primas, materiales de empaque, recursos tecnol\u00f3gicos, t\u00e9cnicas de producci\u00f3n y un excelente equipo humano.","robots":{"index":"index","follow":"follow","max-snippet":"max-snippet:-1","max-image-preview":"max-image-preview:large","max-video-preview":"max-video-preview:-1"},"canonical":"https:\/\/quibi.com.co\/en\/division-rx\/","og_locale":"en_US","og_type":"article","og_title":"Medicamentos con receta | Divisi\u00f3n RX | Quibi | Colombia","og_description":"Medicamentos con receta elaborados con una selecci\u00f3n exigente de materias primas, materiales de empaque, recursos tecnol\u00f3gicos, t\u00e9cnicas de producci\u00f3n y un excelente equipo humano.","og_url":"https:\/\/quibi.com.co\/en\/division-rx\/","og_site_name":"Quibi | Empresa Farmaceutica | Colombia","article_modified_time":"2023-02-19T16:22:08+00:00","og_image":[{"url":"https:\/\/quibi.com.co\/wp-content\/uploads\/2022\/06\/b47589f1827e8bcc31b54616c3da3e03.png","type":"","width":"","height":""}],"twitter_card":"summary_large_image","schema":{"@context":"https:\/\/schema.org","@graph":[{"@type":"WebPage","@id":"https:\/\/quibi.com.co\/division-rx\/","url":"https:\/\/quibi.com.co\/division-rx\/","name":"Medicamentos con receta | Divisi\u00f3n RX | Quibi | Colombia","isPartOf":{"@id":"https:\/\/quibi.com.co\/#website"},"primaryImageOfPage":{"@id":"https:\/\/quibi.com.co\/division-rx\/#primaryimage"},"image":{"@id":"https:\/\/quibi.com.co\/division-rx\/#primaryimage"},"thumbnailUrl":"https:\/\/quibi.com.co\/wp-content\/uploads\/2022\/06\/b47589f1827e8bcc31b54616c3da3e03.png","datePublished":"2022-06-20T21:41:20+00:00","dateModified":"2023-02-19T16:22:08+00:00","description":"Medicamentos con receta elaborados con una selecci\u00f3n exigente de materias primas, materiales de empaque, recursos tecnol\u00f3gicos, t\u00e9cnicas de producci\u00f3n y un excelente equipo humano.","breadcrumb":{"@id":"https:\/\/quibi.com.co\/division-rx\/#breadcrumb"},"inLanguage":"en-US","potentialAction":[{"@type":"ReadAction","target":["https:\/\/quibi.com.co\/division-rx\/"]}]},{"@type":"ImageObject","inLanguage":"en-US","@id":"https:\/\/quibi.com.co\/division-rx\/#primaryimage","url":"https:\/\/quibi.com.co\/wp-content\/uploads\/2022\/06\/b47589f1827e8bcc31b54616c3da3e03.png","contentUrl":"https:\/\/quibi.com.co\/wp-content\/uploads\/2022\/06\/b47589f1827e8bcc31b54616c3da3e03.png"},{"@type":"BreadcrumbList","@id":"https:\/\/quibi.com.co\/division-rx\/#breadcrumb","itemListElement":[{"@type":"ListItem","position":1,"name":"Inicio","item":"https:\/\/quibi.com.co\/"},{"@type":"ListItem","position":2,"name":"Divisi\u00f3n RX"}]},{"@type":"WebSite","@id":"https:\/\/quibi.com.co\/#website","url":"https:\/\/quibi.com.co\/","name":"Quibi | Pharmaceutical Company | Colombia","description":"Pharmaceutical company specialized in the development, manufacture, and commercialization of sterile and non-sterile drugs, antibiotics, solids, ophthalmic drugs, medical devices and dietary supplements for human and veterinary use.","publisher":{"@id":"https:\/\/quibi.com.co\/#organization"},"potentialAction":[{"@type":"SearchAction","target":{"@type":"EntryPoint","urlTemplate":"https:\/\/quibi.com.co\/?s={search_term_string}"},"query-input":{"@type":"PropertyValueSpecification","valueRequired":true,"valueName":"search_term_string"}}],"inLanguage":"en-US"},{"@type":"Organization","@id":"https:\/\/quibi.com.co\/#organization","name":"Quibi | Pharmaceutical Company | Colombia","url":"https:\/\/quibi.com.co\/","logo":{"@type":"ImageObject","inLanguage":"en-US","@id":"https:\/\/quibi.com.co\/#\/schema\/logo\/image\/","url":"https:\/\/quibi.com.co\/wp-content\/uploads\/2022\/09\/header2-300x176-1.png","contentUrl":"https:\/\/quibi.com.co\/wp-content\/uploads\/2022\/09\/header2-300x176-1.png","width":300,"height":176,"caption":"Quibi | Empresa Farmaceutica | Colombia"},"image":{"@id":"https:\/\/quibi.com.co\/#\/schema\/logo\/image\/"}}]}},"_links":{"self":[{"href":"https:\/\/quibi.com.co\/en\/wp-json\/wp\/v2\/pages\/726","targetHints":{"allow":["GET"]}}],"collection":[{"href":"https:\/\/quibi.com.co\/en\/wp-json\/wp\/v2\/pages"}],"about":[{"href":"https:\/\/quibi.com.co\/en\/wp-json\/wp\/v2\/types\/page"}],"author":[{"embeddable":true,"href":"https:\/\/quibi.com.co\/en\/wp-json\/wp\/v2\/users\/1"}],"replies":[{"embeddable":true,"href":"https:\/\/quibi.com.co\/en\/wp-json\/wp\/v2\/comments?post=726"}],"version-history":[{"count":0,"href":"https:\/\/quibi.com.co\/en\/wp-json\/wp\/v2\/pages\/726\/revisions"}],"wp:attachment":[{"href":"https:\/\/quibi.com.co\/en\/wp-json\/wp\/v2\/media?parent=726"}],"curies":[{"name":"wp","href":"https:\/\/api.w.org\/{rel}","templated":true}]}}