{"id":703,"date":"2022-06-20T16:30:05","date_gmt":"2022-06-20T21:30:05","guid":{"rendered":"https:\/\/quibi.com.co\/?page_id=703"},"modified":"2022-09-29T23:09:59","modified_gmt":"2022-09-30T04:09:59","slug":"maquila","status":"publish","type":"page","link":"https:\/\/quibi.com.co\/en\/maquila\/","title":{"rendered":"Contract Manufacturing"},"content":{"rendered":"<div data-elementor-type=\"wp-page\" data-elementor-id=\"703\" class=\"elementor elementor-703\" data-elementor-post-type=\"page\">\n\t\t\t\t\t\t<section class=\"elementor-section elementor-top-section elementor-element elementor-element-783ad760 elementor-section-boxed elementor-section-height-default elementor-section-height-default\" data-id=\"783ad760\" data-element_type=\"section\" data-e-type=\"section\">\n\t\t\t\t\t\t<div class=\"elementor-container elementor-column-gap-default\">\n\t\t\t\t\t<div class=\"elementor-column elementor-col-100 elementor-top-column elementor-element elementor-element-35b875d4\" data-id=\"35b875d4\" data-element_type=\"column\" data-e-type=\"column\">\n\t\t\t<div class=\"elementor-widget-wrap elementor-element-populated\">\n\t\t\t\t\t\t<div class=\"elementor-element elementor-element-9857941 elementor-align-left elementor-widget elementor-widget-breadcrumbs\" data-id=\"9857941\" data-element_type=\"widget\" data-e-type=\"widget\" data-widget_type=\"breadcrumbs.default\">\n\t\t\t\t<div class=\"elementor-widget-container\">\n\t\t\t\t\t<nav id=\"breadcrumbs\"><span><span><a href=\"https:\/\/quibi.com.co\/en\/\"><i class=\"fa fa-home\" aria-hidden=\"true\"><\/i> Home<\/a><\/span><\/span><\/nav>\t\t\t\t<\/div>\n\t\t\t\t<\/div>\n\t\t\t\t\t<\/div>\n\t\t<\/div>\n\t\t\t\t\t<\/div>\n\t\t<\/section>\n\t\t\t\t<section class=\"elementor-section elementor-top-section elementor-element elementor-element-4ab6b843 elementor-section-boxed elementor-section-height-default elementor-section-height-default\" data-id=\"4ab6b843\" data-element_type=\"section\" data-e-type=\"section\">\n\t\t\t\t\t\t<div class=\"elementor-container elementor-column-gap-default\">\n\t\t\t\t\t<div class=\"elementor-column elementor-col-33 elementor-top-column elementor-element elementor-element-f3c9a6\" data-id=\"f3c9a6\" data-element_type=\"column\" data-e-type=\"column\">\n\t\t\t<div class=\"elementor-widget-wrap\">\n\t\t\t\t\t\t\t<\/div>\n\t\t<\/div>\n\t\t\t\t<div class=\"elementor-column elementor-col-33 elementor-top-column elementor-element elementor-element-202dfa75\" data-id=\"202dfa75\" data-element_type=\"column\" data-e-type=\"column\">\n\t\t\t<div class=\"elementor-widget-wrap elementor-element-populated\">\n\t\t\t\t\t\t<div class=\"elementor-element elementor-element-2eda4d0b title elementor-widget elementor-widget-heading\" data-id=\"2eda4d0b\" data-element_type=\"widget\" data-e-type=\"widget\" data-widget_type=\"heading.default\">\n\t\t\t\t<div class=\"elementor-widget-container\">\n\t\t\t\t\t<h2 class=\"elementor-heading-title elementor-size-medium\">Maquila and Manufacturing<\/h2>\t\t\t\t<\/div>\n\t\t\t\t<\/div>\n\t\t\t\t\t<\/div>\n\t\t<\/div>\n\t\t\t\t<div class=\"elementor-column elementor-col-33 elementor-top-column elementor-element elementor-element-3f83f37b\" data-id=\"3f83f37b\" data-element_type=\"column\" data-e-type=\"column\">\n\t\t\t<div class=\"elementor-widget-wrap\">\n\t\t\t\t\t\t\t<\/div>\n\t\t<\/div>\n\t\t\t\t\t<\/div>\n\t\t<\/section>\n\t\t\t\t<section class=\"elementor-section elementor-top-section elementor-element elementor-element-1b9a039e elementor-section-boxed elementor-section-height-default elementor-section-height-default\" data-id=\"1b9a039e\" data-element_type=\"section\" data-e-type=\"section\">\n\t\t\t\t\t\t<div class=\"elementor-container elementor-column-gap-default\">\n\t\t\t\t\t<div class=\"elementor-column elementor-col-100 elementor-top-column elementor-element elementor-element-745e599b\" data-id=\"745e599b\" data-element_type=\"column\" data-e-type=\"column\">\n\t\t\t<div class=\"elementor-widget-wrap elementor-element-populated\">\n\t\t\t\t\t\t<div class=\"elementor-element elementor-element-7e43f816 elementor-widget elementor-widget-eael-adv-tabs\" data-id=\"7e43f816\" data-element_type=\"widget\" data-e-type=\"widget\" data-widget_type=\"eael-adv-tabs.default\">\n\t\t\t\t<div class=\"elementor-widget-container\">\n\t\t\t\t\t        <div data-scroll-on-click=\"no\" data-scroll-speed=\"300\" id=\"eael-advance-tabs-7e43f816\" class=\"eael-advance-tabs eael-tabs-vertical eael-tab-auto-active  active-caret-on\" data-tabid=\"7e43f816\">\n            <div class=\"eael-tabs-nav\">\n                <ul class=\"\" role=\"tablist\">\n                                            <li id=\"esteriles-y-no-esteriles\" class=\"inactive eael-tab-item-trigger eael-tab-nav-item\" aria-selected=\"true\" data-tab=\"1\" role=\"tab\" tabindex=\"0\" aria-controls=\"esteriles-y-no-esteriles-tab\" aria-expanded=\"false\">\n                            \n                            \n                            \n                                                            <span class=\"eael-tab-title title-after-icon\" >Sterile and Non-Sterile<\/span>                                                    <\/li>\n                                            <li id=\"antibioticos-no-betalactamicos\" class=\"inactive eael-tab-item-trigger eael-tab-nav-item\" aria-selected=\"false\" data-tab=\"2\" role=\"tab\" tabindex=\"-1\" aria-controls=\"antibioticos-no-betalactamicos-tab\" aria-expanded=\"false\">\n                            \n                            \n                            \n                                                            <span class=\"eael-tab-title title-after-icon\" >Non-Betalactam Antibiotics<\/span>                                                    <\/li>\n                                            <li id=\"suplementos-dietarios\" class=\"inactive eael-tab-item-trigger eael-tab-nav-item\" aria-selected=\"false\" data-tab=\"3\" role=\"tab\" tabindex=\"-1\" aria-controls=\"suplementos-dietarios-tab\" aria-expanded=\"false\">\n                            \n                            \n                            \n                                                            <span class=\"eael-tab-title title-after-icon\" >Sterile and Non-Sterile<\/span>                                                    <\/li>\n                                            <li id=\"productos-a-base-de-prancreatina\" class=\"inactive eael-tab-item-trigger eael-tab-nav-item\" aria-selected=\"false\" data-tab=\"4\" role=\"tab\" tabindex=\"-1\" aria-controls=\"productos-a-base-de-prancreatina-tab\" aria-expanded=\"false\">\n                            \n                            \n                            \n                                                            <span class=\"eael-tab-title title-after-icon\" >Pancreatin Based Products<\/span>                                                    <\/li>\n                    \n                                  <\/ul>\n            <\/div>\n            \n            <div class=\"eael-tabs-content\">\n\t\t        \n                    <div id=\"esteriles-y-no-esteriles-tab\" class=\"clearfix eael-tab-content-item inactive\" data-title-link=\"esteriles-y-no-esteriles-tab\">\n\t\t\t\t        <h1 class=\"text-center pb-2 text-success\" style=\"text-align: center\"><span style=\"color: #3fb618\">Sterile and Non-Sterile<\/span><\/h1><p><span style=\"font-size: inherit\">We have been certified for the following manufacturing processes:<\/span><\/p><p><img decoding=\"async\" class=\"aligncenter\" src=\"https:\/\/quibi.com.co\/wp-content\/uploads\/2022\/09\/5ff3010ea2201d10ff3f166adc5bbc19.png\" alt=\"Maquila Medicamentos Est\u00e9riles y No Est\u00e9riles\" \/><\/p><table style=\"border: none !important;margin-top: 1em\"><tbody><tr><td style=\"border: none !important\"><img decoding=\"async\" src=\"https:\/\/quibi.com.co\/wp-content\/uploads\/2022\/09\/7d4ebf2253023302ddbcc9abbee1bffd.png\" alt=\"Maquila Medicamentos\" \/><\/td><td style=\"border: none !important\"><p style=\"color: #0066cc\"><strong>COMMON<\/strong><br \/><strong>STERILE<\/strong><\/p><ul><li>Sterile large volume parenteral solutions in PVC and PP (Polypropylene) bags.<\/li><li>Large volume oral sterile solutions in glass, HDPE and PP bottles.<\/li><li>Small volume parenteral sterile solutions in PP and PVC bag, glass bottle, HDPE and PP.<\/li><li>Large volume solutions in dropper and spray bottles.<\/li><\/ul><p style=\"color: #0066cc\"><strong>NON-STERILE<\/strong><\/p><p style=\"color: #0066cc\"><strong>Liquids<\/strong><\/p><ul><li>Solutions<\/li><li>Suspensions<\/li><\/ul><p style=\"color: #0066cc\"><strong>Solids<\/strong><\/p><ul><li>Tablets with and without cover.<\/li><li>Pills.<\/li><li>Hard gelatin capsules.<\/li><li>Non effervescent powders and granulates.<\/li><\/ul><\/td><\/tr><\/tbody><\/table>                    <\/div>\n\t\t        \n                    <div id=\"antibioticos-no-betalactamicos-tab\" class=\"clearfix eael-tab-content-item inactive\" data-title-link=\"antibioticos-no-betalactamicos-tab\">\n\t\t\t\t        <h1 class=\"text-center pb-2 text-success\" style=\"text-align: center\"><span style=\"color: #3fb618\">Non-Betalactam Antibiotics<\/span><\/h1><p><span style=\"font-size: inherit\">Large volume parenteral solutions in glass bottle, HDPE (high density polyethylene) and PP (polypropylene) bottle, PVC, HDPE and PP bag. Small and large volume solutions in dropper bottle, HDPE and PP spray bottle and PVC, HDPE and PP bag.<\/span><\/p><p><span style=\"font-size: inherit\">Our manufacturing areas are capable of filling containers ranging from 1ml to 6000 ml.<\/span><\/p><p><img decoding=\"async\" class=\"aligncenter\" src=\"https:\/\/quibi.com.co\/wp-content\/uploads\/2022\/09\/5ff3010ea2201d10ff3f166adc5bbc19.png\" alt=\"Maquila antibi\u00f3ticos no betalact\u00e1micos\" \/><\/p><table style=\"border: none !important;margin-top: 1em\"><tbody><tr><td style=\"border: none !important\"><img decoding=\"async\" src=\"https:\/\/quibi.com.co\/wp-content\/uploads\/2022\/09\/7d4ebf2253023302ddbcc9abbee1bffd.png\" alt=\"Maquila Medicamentos\" \/><\/td><td style=\"border: none !important\"><p style=\"color: #0066cc\"><strong>Non-Betalactam Antibiotics<\/strong><\/p><p style=\"color: #0066cc\"><strong>Liquids<\/strong><\/p><ul><li>Solutions<\/li><li>Suspensions<\/li><\/ul><p style=\"color: #0066cc\"><strong>Solids<\/strong><\/p><ul><li>Tablets with and without cover.<\/li><li>Pills.<\/li><li>Hard gelatin capsules.<\/li><li>Non effervescent powders and granulates.<\/li><\/ul><\/td><\/tr><\/tbody><\/table>                    <\/div>\n\t\t        \n                    <div id=\"suplementos-dietarios-tab\" class=\"clearfix eael-tab-content-item inactive\" data-title-link=\"suplementos-dietarios-tab\">\n\t\t\t\t        <h1 class=\"text-center pb-2 text-success\" style=\"text-align: center\"><span style=\"color: #3fb618\">Sterile and Non-Sterile<\/span><\/h1><p><span style=\"font-size: inherit\">Our manufacturing areas have the authorized and certified capacity to fill containers ranging from 1ml to 6000 ml.<\/span><\/p><p><img decoding=\"async\" class=\"aligncenter\" src=\"https:\/\/quibi.com.co\/wp-content\/uploads\/2022\/09\/5ff3010ea2201d10ff3f166adc5bbc19.png\" alt=\"Maquila Suplementos Dietarios\" \/><\/p><table style=\"border: none !important;margin-top: 1em\"><tbody><tr><td style=\"border: none !important\"><img decoding=\"async\" src=\"https:\/\/quibi.com.co\/wp-content\/uploads\/2022\/09\/7d4ebf2253023302ddbcc9abbee1bffd.png\" \/><\/td><td style=\"border: none !important\"><p style=\"color: #0066cc\"><strong>Liquids<\/strong><\/p><ul><li>Solutions<\/li><li>Suspensions<\/li><\/ul><p style=\"color: #0066cc\"><strong>Solids<\/strong><\/p><ul><li>Tablets.<\/li><li>Granulates.<\/li><li>Powders.<\/li><\/ul><\/td><\/tr><\/tbody><\/table>                    <\/div>\n\t\t        \n                    <div id=\"productos-a-base-de-prancreatina-tab\" class=\"clearfix eael-tab-content-item inactive\" data-title-link=\"productos-a-base-de-prancreatina-tab\">\n\t\t\t\t        <h1 class=\"text-center pb-2 text-success\" style=\"text-align: center\"><span style=\"color: #3fb618\">Pancreatin Based Products<\/span><\/h1><p><span style=\"font-size: inherit\">Our pharmaceutical plant has ample capacity for the following processes:<\/span><\/p><p><img decoding=\"async\" class=\"aligncenter\" src=\"https:\/\/quibi.com.co\/wp-content\/uploads\/2022\/09\/5ff3010ea2201d10ff3f166adc5bbc19.png\" alt=\"Maquila Productos a base de prancreatina\" \/><\/p><table style=\"border: none !important;margin-top: 1em\"><tbody><tr><td style=\"border: none !important\"><img decoding=\"async\" src=\"https:\/\/quibi.com.co\/wp-content\/uploads\/2022\/09\/7d4ebf2253023302ddbcc9abbee1bffd.png&quot;\" alt=\"maquila medicamentos\" \/><\/td><td style=\"border: none !important\"><ul><li>Tablets.<\/li><li>Pills.<\/li><\/ul><\/td><\/tr><\/tbody><\/table>                    <\/div>\n\t\t                    <\/div>\n        <\/div>\n\t\t\t\t<\/div>\n\t\t\t\t<\/div>\n\t\t\t\t\t<\/div>\n\t\t<\/div>\n\t\t\t\t\t<\/div>\n\t\t<\/section>\n\t\t\t\t<\/div>","protected":false},"excerpt":{"rendered":"<p>MAQUILA Est\u00e9riles y No Est\u00e9riles Antibi\u00f3ticos no Betalact\u00e1micos Suplementos Dietarios Productos a Base de Prancreatina Est\u00e9riles y No Est\u00e9riles Nuestra planta farmac\u00e9utica ha sido certificada para los siguientes procesos: COMUNESEST\u00c9RILES Soluciones est\u00e9riles parenterales de gran volumen en bolsa de PVC y PP (Polipropileno). Soluciones est\u00e9riles orales de gran volumen en frasco vidrio, PEAD y PP. &#8230; <a title=\"Contract Manufacturing\" class=\"read-more\" href=\"https:\/\/quibi.com.co\/en\/maquila\/\" aria-label=\"Read more about Maquila\">Read more<\/a><\/p>","protected":false},"author":1,"featured_media":0,"parent":0,"menu_order":0,"comment_status":"closed","ping_status":"closed","template":"","meta":{"footnotes":""},"class_list":["post-703","page","type-page","status-publish"],"yoast_head":"<!-- This site is optimized with the Yoast SEO plugin v27.5 - https:\/\/yoast.com\/product\/yoast-seo-wordpress\/ -->\n<title>Maquila de Medicamentos | Quibi | Empresa Farmaceutica | Colombia<\/title>\n<meta name=\"description\" content=\"Nuestra planta farmac\u00e9utica se encuentra certificada en soluciones de maquila para productos est\u00e9riles y no est\u00e9riles, antibi\u00f3ticos no betalact\u00e1micos, suplementos dietarios y productos a base de Pancreatina.\" \/>\n<meta name=\"robots\" content=\"index, follow, max-snippet:-1, max-image-preview:large, max-video-preview:-1\" \/>\n<link rel=\"canonical\" href=\"https:\/\/quibi.com.co\/en\/maquila\/\" \/>\n<meta property=\"og:locale\" content=\"en_US\" \/>\n<meta property=\"og:type\" content=\"article\" \/>\n<meta property=\"og:title\" content=\"Maquila de Medicamentos | Quibi | Empresa Farmaceutica | Colombia\" \/>\n<meta property=\"og:description\" content=\"Nuestra planta farmac\u00e9utica se encuentra certificada en soluciones de maquila para productos est\u00e9riles y no est\u00e9riles, antibi\u00f3ticos no betalact\u00e1micos, suplementos dietarios y productos a base de Pancreatina.\" \/>\n<meta property=\"og:url\" content=\"https:\/\/quibi.com.co\/en\/maquila\/\" \/>\n<meta property=\"og:site_name\" content=\"Quibi | Empresa Farmaceutica | Colombia\" \/>\n<meta property=\"article:modified_time\" content=\"2022-09-30T04:09:59+00:00\" \/>\n<meta property=\"og:image\" content=\"https:\/\/quibi.com.co\/wp-content\/uploads\/2022\/09\/5ff3010ea2201d10ff3f166adc5bbc19.png\" \/>\n<meta name=\"twitter:card\" content=\"summary_large_image\" \/>\n<meta name=\"twitter:label1\" content=\"Est. reading time\" \/>\n\t<meta name=\"twitter:data1\" content=\"3 minutes\" \/>\n<script type=\"application\/ld+json\" class=\"yoast-schema-graph\">{\"@context\":\"https:\\\/\\\/schema.org\",\"@graph\":[{\"@type\":\"WebPage\",\"@id\":\"https:\\\/\\\/quibi.com.co\\\/maquila\\\/\",\"url\":\"https:\\\/\\\/quibi.com.co\\\/maquila\\\/\",\"name\":\"Maquila de Medicamentos | Quibi | Empresa Farmaceutica | Colombia\",\"isPartOf\":{\"@id\":\"https:\\\/\\\/quibi.com.co\\\/#website\"},\"primaryImageOfPage\":{\"@id\":\"https:\\\/\\\/quibi.com.co\\\/maquila\\\/#primaryimage\"},\"image\":{\"@id\":\"https:\\\/\\\/quibi.com.co\\\/maquila\\\/#primaryimage\"},\"thumbnailUrl\":\"https:\\\/\\\/quibi.com.co\\\/wp-content\\\/uploads\\\/2022\\\/09\\\/5ff3010ea2201d10ff3f166adc5bbc19.png\",\"datePublished\":\"2022-06-20T21:30:05+00:00\",\"dateModified\":\"2022-09-30T04:09:59+00:00\",\"description\":\"Nuestra planta farmac\u00e9utica se encuentra certificada en soluciones de maquila para productos est\u00e9riles y no est\u00e9riles, antibi\u00f3ticos no betalact\u00e1micos, suplementos dietarios y productos a base de Pancreatina.\",\"breadcrumb\":{\"@id\":\"https:\\\/\\\/quibi.com.co\\\/maquila\\\/#breadcrumb\"},\"inLanguage\":\"en-US\",\"potentialAction\":[{\"@type\":\"ReadAction\",\"target\":[\"https:\\\/\\\/quibi.com.co\\\/maquila\\\/\"]}]},{\"@type\":\"ImageObject\",\"inLanguage\":\"en-US\",\"@id\":\"https:\\\/\\\/quibi.com.co\\\/maquila\\\/#primaryimage\",\"url\":\"https:\\\/\\\/quibi.com.co\\\/wp-content\\\/uploads\\\/2022\\\/09\\\/5ff3010ea2201d10ff3f166adc5bbc19.png\",\"contentUrl\":\"https:\\\/\\\/quibi.com.co\\\/wp-content\\\/uploads\\\/2022\\\/09\\\/5ff3010ea2201d10ff3f166adc5bbc19.png\"},{\"@type\":\"BreadcrumbList\",\"@id\":\"https:\\\/\\\/quibi.com.co\\\/maquila\\\/#breadcrumb\",\"itemListElement\":[{\"@type\":\"ListItem\",\"position\":1,\"name\":\"Inicio\",\"item\":\"https:\\\/\\\/quibi.com.co\\\/\"},{\"@type\":\"ListItem\",\"position\":2,\"name\":\"Maquila\"}]},{\"@type\":\"WebSite\",\"@id\":\"https:\\\/\\\/quibi.com.co\\\/#website\",\"url\":\"https:\\\/\\\/quibi.com.co\\\/\",\"name\":\"Quibi | Empresa Farmaceutica | Colombia\",\"description\":\"Empresa farmac\u00e9utica especializada en el desarrollo, manufactura y comercializaci\u00f3n de medicamentos est\u00e9riles, no est\u00e9riles, antibi\u00f3ticos, s\u00f3lidos, oft\u00e1lmicos, dispositivos m\u00e9dicos y suplementos dietarios para uso humano y veterinario.\",\"publisher\":{\"@id\":\"https:\\\/\\\/quibi.com.co\\\/#organization\"},\"potentialAction\":[{\"@type\":\"SearchAction\",\"target\":{\"@type\":\"EntryPoint\",\"urlTemplate\":\"https:\\\/\\\/quibi.com.co\\\/?s={search_term_string}\"},\"query-input\":{\"@type\":\"PropertyValueSpecification\",\"valueRequired\":true,\"valueName\":\"search_term_string\"}}],\"inLanguage\":\"en-US\"},{\"@type\":\"Organization\",\"@id\":\"https:\\\/\\\/quibi.com.co\\\/#organization\",\"name\":\"Quibi | Empresa Farmaceutica | Colombia\",\"url\":\"https:\\\/\\\/quibi.com.co\\\/\",\"logo\":{\"@type\":\"ImageObject\",\"inLanguage\":\"en-US\",\"@id\":\"https:\\\/\\\/quibi.com.co\\\/#\\\/schema\\\/logo\\\/image\\\/\",\"url\":\"https:\\\/\\\/quibi.com.co\\\/wp-content\\\/uploads\\\/2022\\\/09\\\/header2-300x176-1.png\",\"contentUrl\":\"https:\\\/\\\/quibi.com.co\\\/wp-content\\\/uploads\\\/2022\\\/09\\\/header2-300x176-1.png\",\"width\":300,\"height\":176,\"caption\":\"Quibi | Empresa Farmaceutica | Colombia\"},\"image\":{\"@id\":\"https:\\\/\\\/quibi.com.co\\\/#\\\/schema\\\/logo\\\/image\\\/\"}}]}<\/script>\n<!-- \/ Yoast SEO plugin. -->","yoast_head_json":{"title":"Maquila de Medicamentos | Quibi | Empresa Farmaceutica | Colombia","description":"Nuestra planta farmac\u00e9utica se encuentra certificada en soluciones de maquila para productos est\u00e9riles y no est\u00e9riles, antibi\u00f3ticos no betalact\u00e1micos, suplementos dietarios y productos a base de Pancreatina.","robots":{"index":"index","follow":"follow","max-snippet":"max-snippet:-1","max-image-preview":"max-image-preview:large","max-video-preview":"max-video-preview:-1"},"canonical":"https:\/\/quibi.com.co\/en\/maquila\/","og_locale":"en_US","og_type":"article","og_title":"Maquila de Medicamentos | Quibi | Empresa Farmaceutica | Colombia","og_description":"Nuestra planta farmac\u00e9utica se encuentra certificada en soluciones de maquila para productos est\u00e9riles y no est\u00e9riles, antibi\u00f3ticos no betalact\u00e1micos, suplementos dietarios y productos a base de Pancreatina.","og_url":"https:\/\/quibi.com.co\/en\/maquila\/","og_site_name":"Quibi | Empresa Farmaceutica | Colombia","article_modified_time":"2022-09-30T04:09:59+00:00","og_image":[{"url":"https:\/\/quibi.com.co\/wp-content\/uploads\/2022\/09\/5ff3010ea2201d10ff3f166adc5bbc19.png","type":"","width":"","height":""}],"twitter_card":"summary_large_image","twitter_misc":{"Est. reading time":"3 minutes"},"schema":{"@context":"https:\/\/schema.org","@graph":[{"@type":"WebPage","@id":"https:\/\/quibi.com.co\/maquila\/","url":"https:\/\/quibi.com.co\/maquila\/","name":"Maquila de Medicamentos | Quibi | Empresa Farmaceutica | Colombia","isPartOf":{"@id":"https:\/\/quibi.com.co\/#website"},"primaryImageOfPage":{"@id":"https:\/\/quibi.com.co\/maquila\/#primaryimage"},"image":{"@id":"https:\/\/quibi.com.co\/maquila\/#primaryimage"},"thumbnailUrl":"https:\/\/quibi.com.co\/wp-content\/uploads\/2022\/09\/5ff3010ea2201d10ff3f166adc5bbc19.png","datePublished":"2022-06-20T21:30:05+00:00","dateModified":"2022-09-30T04:09:59+00:00","description":"Nuestra planta farmac\u00e9utica se encuentra certificada en soluciones de maquila para productos est\u00e9riles y no est\u00e9riles, antibi\u00f3ticos no betalact\u00e1micos, suplementos dietarios y productos a base de Pancreatina.","breadcrumb":{"@id":"https:\/\/quibi.com.co\/maquila\/#breadcrumb"},"inLanguage":"en-US","potentialAction":[{"@type":"ReadAction","target":["https:\/\/quibi.com.co\/maquila\/"]}]},{"@type":"ImageObject","inLanguage":"en-US","@id":"https:\/\/quibi.com.co\/maquila\/#primaryimage","url":"https:\/\/quibi.com.co\/wp-content\/uploads\/2022\/09\/5ff3010ea2201d10ff3f166adc5bbc19.png","contentUrl":"https:\/\/quibi.com.co\/wp-content\/uploads\/2022\/09\/5ff3010ea2201d10ff3f166adc5bbc19.png"},{"@type":"BreadcrumbList","@id":"https:\/\/quibi.com.co\/maquila\/#breadcrumb","itemListElement":[{"@type":"ListItem","position":1,"name":"Inicio","item":"https:\/\/quibi.com.co\/"},{"@type":"ListItem","position":2,"name":"Maquila"}]},{"@type":"WebSite","@id":"https:\/\/quibi.com.co\/#website","url":"https:\/\/quibi.com.co\/","name":"Quibi | Pharmaceutical Company | Colombia","description":"Pharmaceutical company specialized in the development, manufacture, and commercialization of sterile and non-sterile drugs, antibiotics, solids, ophthalmic drugs, medical devices and dietary supplements for human and veterinary use.","publisher":{"@id":"https:\/\/quibi.com.co\/#organization"},"potentialAction":[{"@type":"SearchAction","target":{"@type":"EntryPoint","urlTemplate":"https:\/\/quibi.com.co\/?s={search_term_string}"},"query-input":{"@type":"PropertyValueSpecification","valueRequired":true,"valueName":"search_term_string"}}],"inLanguage":"en-US"},{"@type":"Organization","@id":"https:\/\/quibi.com.co\/#organization","name":"Quibi | Pharmaceutical Company | Colombia","url":"https:\/\/quibi.com.co\/","logo":{"@type":"ImageObject","inLanguage":"en-US","@id":"https:\/\/quibi.com.co\/#\/schema\/logo\/image\/","url":"https:\/\/quibi.com.co\/wp-content\/uploads\/2022\/09\/header2-300x176-1.png","contentUrl":"https:\/\/quibi.com.co\/wp-content\/uploads\/2022\/09\/header2-300x176-1.png","width":300,"height":176,"caption":"Quibi | Empresa Farmaceutica | Colombia"},"image":{"@id":"https:\/\/quibi.com.co\/#\/schema\/logo\/image\/"}}]}},"_links":{"self":[{"href":"https:\/\/quibi.com.co\/en\/wp-json\/wp\/v2\/pages\/703","targetHints":{"allow":["GET"]}}],"collection":[{"href":"https:\/\/quibi.com.co\/en\/wp-json\/wp\/v2\/pages"}],"about":[{"href":"https:\/\/quibi.com.co\/en\/wp-json\/wp\/v2\/types\/page"}],"author":[{"embeddable":true,"href":"https:\/\/quibi.com.co\/en\/wp-json\/wp\/v2\/users\/1"}],"replies":[{"embeddable":true,"href":"https:\/\/quibi.com.co\/en\/wp-json\/wp\/v2\/comments?post=703"}],"version-history":[{"count":0,"href":"https:\/\/quibi.com.co\/en\/wp-json\/wp\/v2\/pages\/703\/revisions"}],"wp:attachment":[{"href":"https:\/\/quibi.com.co\/en\/wp-json\/wp\/v2\/media?parent=703"}],"curies":[{"name":"wp","href":"https:\/\/api.w.org\/{rel}","templated":true}]}}