{"id":35,"date":"2022-06-14T11:25:59","date_gmt":"2022-06-14T16:25:59","guid":{"rendered":"https:\/\/quibi.com.co\/?page_id=35"},"modified":"2022-09-29T08:55:52","modified_gmt":"2022-09-29T13:55:52","slug":"productos","status":"publish","type":"page","link":"https:\/\/quibi.com.co\/en\/productos\/","title":{"rendered":"Products"},"content":{"rendered":"<div data-elementor-type=\"wp-page\" data-elementor-id=\"35\" class=\"elementor elementor-35\" data-elementor-post-type=\"page\">\n\t\t\t\t\t\t<section class=\"elementor-section elementor-top-section elementor-element elementor-element-44d86e03 elementor-section-boxed elementor-section-height-default elementor-section-height-default\" data-id=\"44d86e03\" data-element_type=\"section\" data-e-type=\"section\">\n\t\t\t\t\t\t<div class=\"elementor-container elementor-column-gap-default\">\n\t\t\t\t\t<div class=\"elementor-column elementor-col-100 elementor-top-column elementor-element elementor-element-4ae380af\" data-id=\"4ae380af\" data-element_type=\"column\" data-e-type=\"column\">\n\t\t\t<div class=\"elementor-widget-wrap elementor-element-populated\">\n\t\t\t\t\t\t<div class=\"elementor-element elementor-element-4b6013fe elementor-align-left elementor-widget elementor-widget-breadcrumbs\" data-id=\"4b6013fe\" data-element_type=\"widget\" data-e-type=\"widget\" data-widget_type=\"breadcrumbs.default\">\n\t\t\t\t<div class=\"elementor-widget-container\">\n\t\t\t\t\t<nav id=\"breadcrumbs\"><span><span><a href=\"https:\/\/quibi.com.co\/en\/\"><i class=\"fa fa-home\" aria-hidden=\"true\"><\/i> Home<\/a><\/span><\/span><\/nav>\t\t\t\t<\/div>\n\t\t\t\t<\/div>\n\t\t\t\t\t<\/div>\n\t\t<\/div>\n\t\t\t\t\t<\/div>\n\t\t<\/section>\n\t\t\t\t<section class=\"elementor-section elementor-top-section elementor-element elementor-element-5e40d9d2 elementor-section-boxed elementor-section-height-default elementor-section-height-default\" data-id=\"5e40d9d2\" data-element_type=\"section\" data-e-type=\"section\">\n\t\t\t\t\t\t<div class=\"elementor-container elementor-column-gap-default\">\n\t\t\t\t\t<div class=\"elementor-column elementor-col-33 elementor-top-column elementor-element elementor-element-6fab954c\" data-id=\"6fab954c\" data-element_type=\"column\" data-e-type=\"column\">\n\t\t\t<div class=\"elementor-widget-wrap\">\n\t\t\t\t\t\t\t<\/div>\n\t\t<\/div>\n\t\t\t\t<div class=\"elementor-column elementor-col-33 elementor-top-column elementor-element elementor-element-4c5d9057\" data-id=\"4c5d9057\" data-element_type=\"column\" data-e-type=\"column\">\n\t\t\t<div class=\"elementor-widget-wrap elementor-element-populated\">\n\t\t\t\t\t\t<div class=\"elementor-element elementor-element-6dbfd85c title elementor-widget elementor-widget-heading\" data-id=\"6dbfd85c\" data-element_type=\"widget\" data-e-type=\"widget\" data-widget_type=\"heading.default\">\n\t\t\t\t<div class=\"elementor-widget-container\">\n\t\t\t\t\t<h2 class=\"elementor-heading-title elementor-size-medium\">PRODUCTOS<\/h2>\t\t\t\t<\/div>\n\t\t\t\t<\/div>\n\t\t\t\t\t<\/div>\n\t\t<\/div>\n\t\t\t\t<div class=\"elementor-column elementor-col-33 elementor-top-column elementor-element elementor-element-52dc62cf\" data-id=\"52dc62cf\" data-element_type=\"column\" data-e-type=\"column\">\n\t\t\t<div class=\"elementor-widget-wrap\">\n\t\t\t\t\t\t\t<\/div>\n\t\t<\/div>\n\t\t\t\t\t<\/div>\n\t\t<\/section>\n\t\t\t\t<section class=\"elementor-section elementor-top-section elementor-element elementor-element-1d7a7af elementor-section-full_width elementor-section-height-default elementor-section-height-default\" data-id=\"1d7a7af\" data-element_type=\"section\" data-e-type=\"section\">\n\t\t\t\t\t\t<div class=\"elementor-container elementor-column-gap-default\">\n\t\t\t\t\t<div class=\"elementor-column elementor-col-100 elementor-top-column elementor-element elementor-element-5e71f548\" data-id=\"5e71f548\" data-element_type=\"column\" data-e-type=\"column\" data-settings=\"{&quot;background_background&quot;:&quot;classic&quot;}\">\n\t\t\t<div class=\"elementor-widget-wrap elementor-element-populated\">\n\t\t\t\t\t\t<section class=\"elementor-section elementor-inner-section elementor-element elementor-element-63168a6a elementor-section-boxed elementor-section-height-default elementor-section-height-default\" data-id=\"63168a6a\" data-element_type=\"section\" data-e-type=\"section\">\n\t\t\t\t\t\t<div class=\"elementor-container elementor-column-gap-default\">\n\t\t\t\t\t<div class=\"elementor-column elementor-col-33 elementor-inner-column elementor-element elementor-element-5b9713ae\" data-id=\"5b9713ae\" data-element_type=\"column\" data-e-type=\"column\">\n\t\t\t<div class=\"elementor-widget-wrap elementor-element-populated\">\n\t\t\t\t\t\t<div class=\"elementor-element elementor-element-2e0d6823 elementor-widget elementor-widget-image\" data-id=\"2e0d6823\" data-element_type=\"widget\" data-e-type=\"widget\" data-widget_type=\"image.default\">\n\t\t\t\t<div class=\"elementor-widget-container\">\n\t\t\t\t\t\t\t\t\t\t\t\t\t\t\t\t<a href=\"https:\/\/quibi.com.co\/en\/division-otc\/\">\n\t\t\t\t\t\t\t<img fetchpriority=\"high\" decoding=\"async\" width=\"745\" height=\"397\" src=\"https:\/\/quibi.com.co\/wp-content\/uploads\/2022\/09\/1.jpg\" class=\"attachment-large size-large wp-image-3951\" alt=\"QUIBI\" srcset=\"https:\/\/quibi.com.co\/wp-content\/uploads\/2022\/09\/1.jpg 745w, https:\/\/quibi.com.co\/wp-content\/uploads\/2022\/09\/1-300x160.jpg 300w, https:\/\/quibi.com.co\/wp-content\/uploads\/2022\/09\/1-18x10.jpg 18w\" sizes=\"(max-width: 745px) 100vw, 745px\" \/>\t\t\t\t\t\t\t\t<\/a>\n\t\t\t\t\t\t\t\t\t\t\t\t\t\t\t<\/div>\n\t\t\t\t<\/div>\n\t\t\t\t<div class=\"elementor-element elementor-element-7b3f72ba elementor-widget elementor-widget-eael-creative-button\" data-id=\"7b3f72ba\" data-element_type=\"widget\" data-e-type=\"widget\" data-widget_type=\"eael-creative-button.default\">\n\t\t\t\t<div class=\"elementor-widget-container\">\n\t\t\t\t\t        <div class=\"eael-creative-button-wrapper\">\n\n            <a class=\"eael-creative-button eael-creative-button--default eael-cb-icon-position-\" href=\"https:\/\/quibi.com.co\/en\/division-otc\/\" data-text=\"Divisi\u00f3n OTC\">\n            \t    \n                <div class=\"creative-button-inner\">\n\n                    \n                    <span class=\"cretive-button-text\">Human Division<\/span>\n\n                                    <\/div>\n\t                        <\/a>\n        <\/div>\n        \t\t\t\t<\/div>\n\t\t\t\t<\/div>\n\t\t\t\t\t<\/div>\n\t\t<\/div>\n\t\t\t\t<div class=\"elementor-column elementor-col-33 elementor-inner-column elementor-element elementor-element-3f87a518\" data-id=\"3f87a518\" data-element_type=\"column\" data-e-type=\"column\">\n\t\t\t<div class=\"elementor-widget-wrap elementor-element-populated\">\n\t\t\t\t\t\t<div class=\"elementor-element elementor-element-7ac13893 elementor-widget elementor-widget-image\" data-id=\"7ac13893\" data-element_type=\"widget\" data-e-type=\"widget\" data-widget_type=\"image.default\">\n\t\t\t\t<div class=\"elementor-widget-container\">\n\t\t\t\t\t\t\t\t\t\t\t\t\t\t\t\t<a href=\"https:\/\/quibi.com.co\/en\/division-rx\/\">\n\t\t\t\t\t\t\t<img decoding=\"async\" width=\"745\" height=\"397\" src=\"https:\/\/quibi.com.co\/wp-content\/uploads\/2022\/09\/2.jpg\" class=\"attachment-large size-large wp-image-3952\" alt=\"QUIBI\" srcset=\"https:\/\/quibi.com.co\/wp-content\/uploads\/2022\/09\/2.jpg 745w, https:\/\/quibi.com.co\/wp-content\/uploads\/2022\/09\/2-300x160.jpg 300w, https:\/\/quibi.com.co\/wp-content\/uploads\/2022\/09\/2-18x10.jpg 18w\" sizes=\"(max-width: 745px) 100vw, 745px\" \/>\t\t\t\t\t\t\t\t<\/a>\n\t\t\t\t\t\t\t\t\t\t\t\t\t\t\t<\/div>\n\t\t\t\t<\/div>\n\t\t\t\t<div class=\"elementor-element elementor-element-5b4c23dd elementor-widget elementor-widget-eael-creative-button\" data-id=\"5b4c23dd\" data-element_type=\"widget\" data-e-type=\"widget\" data-widget_type=\"eael-creative-button.default\">\n\t\t\t\t<div class=\"elementor-widget-container\">\n\t\t\t\t\t        <div class=\"eael-creative-button-wrapper\">\n\n            <a class=\"eael-creative-button eael-creative-button--default eael-cb-icon-position-\" href=\"https:\/\/quibi.com.co\/en\/division-rx\/\" data-text=\"Maquila\">\n            \t    \n                <div class=\"creative-button-inner\">\n\n                    \n                    <span class=\"cretive-button-text\">Hospitalary Division<\/span>\n\n                                    <\/div>\n\t                        <\/a>\n        <\/div>\n        \t\t\t\t<\/div>\n\t\t\t\t<\/div>\n\t\t\t\t\t<\/div>\n\t\t<\/div>\n\t\t\t\t<div class=\"elementor-column elementor-col-33 elementor-inner-column elementor-element elementor-element-512ff098\" data-id=\"512ff098\" data-element_type=\"column\" data-e-type=\"column\">\n\t\t\t<div class=\"elementor-widget-wrap elementor-element-populated\">\n\t\t\t\t\t\t<div class=\"elementor-element elementor-element-19abacbd elementor-widget elementor-widget-image\" data-id=\"19abacbd\" data-element_type=\"widget\" data-e-type=\"widget\" data-widget_type=\"image.default\">\n\t\t\t\t<div class=\"elementor-widget-container\">\n\t\t\t\t\t\t\t\t\t\t\t\t\t\t\t\t<a href=\"https:\/\/quibi.com.co\/en\/division-veterinaria\/\">\n\t\t\t\t\t\t\t<img decoding=\"async\" width=\"340\" height=\"199\" src=\"https:\/\/quibi.com.co\/wp-content\/uploads\/2022\/09\/SECCION-VETERINARIA.jpg\" class=\"attachment-large size-large wp-image-3953\" alt=\"QUIBI\" srcset=\"https:\/\/quibi.com.co\/wp-content\/uploads\/2022\/09\/SECCION-VETERINARIA.jpg 340w, https:\/\/quibi.com.co\/wp-content\/uploads\/2022\/09\/SECCION-VETERINARIA-300x176.jpg 300w, https:\/\/quibi.com.co\/wp-content\/uploads\/2022\/09\/SECCION-VETERINARIA-18x12.jpg 18w\" sizes=\"(max-width: 340px) 100vw, 340px\" \/>\t\t\t\t\t\t\t\t<\/a>\n\t\t\t\t\t\t\t\t\t\t\t\t\t\t\t<\/div>\n\t\t\t\t<\/div>\n\t\t\t\t<div class=\"elementor-element elementor-element-6642f8f0 elementor-widget elementor-widget-eael-creative-button\" data-id=\"6642f8f0\" data-element_type=\"widget\" data-e-type=\"widget\" data-widget_type=\"eael-creative-button.default\">\n\t\t\t\t<div class=\"elementor-widget-container\">\n\t\t\t\t\t        <div class=\"eael-creative-button-wrapper\">\n\n            <a class=\"eael-creative-button eael-creative-button--default eael-cb-icon-position-\" href=\"https:\/\/quibi.com.co\/en\/division-veterinaria\/\" data-text=\"Divisi\u00f3n Veterinaria\">\n            \t    \n                <div class=\"creative-button-inner\">\n\n                    \n                    <span class=\"cretive-button-text\">Veterinary Division<\/span>\n\n                                    <\/div>\n\t                        <\/a>\n        <\/div>\n        \t\t\t\t<\/div>\n\t\t\t\t<\/div>\n\t\t\t\t\t<\/div>\n\t\t<\/div>\n\t\t\t\t\t<\/div>\n\t\t<\/section>\n\t\t\t\t\t<\/div>\n\t\t<\/div>\n\t\t\t\t\t<\/div>\n\t\t<\/section>\n\t\t\t\t<\/div>","protected":false},"excerpt":{"rendered":"<p>PRODUCTOS Divisi\u00f3n OTC Divisi\u00f3n RX Divisi\u00f3n Veterinaria<\/p>","protected":false},"author":1,"featured_media":0,"parent":0,"menu_order":0,"comment_status":"closed","ping_status":"closed","template":"","meta":{"footnotes":""},"class_list":["post-35","page","type-page","status-publish"],"yoast_head":"<!-- This site is optimized with the Yoast SEO plugin v27.5 - https:\/\/yoast.com\/product\/yoast-seo-wordpress\/ -->\n<title>Productos Farmac\u00e9uticos | Quibi | Empresa Farmaceutica | Colombia<\/title>\n<meta name=\"description\" content=\"Nos especializamos en el desarrollo, manufactura y comercializaci\u00f3n de medicamentos est\u00e9riles, no est\u00e9riles, antibi\u00f3ticos, s\u00f3lidos, oft\u00e1lmicos, dispositivos m\u00e9dicos y suplementos dietarios para uso humano y veterinario.\" \/>\n<meta name=\"robots\" content=\"index, follow, max-snippet:-1, max-image-preview:large, max-video-preview:-1\" \/>\n<link rel=\"canonical\" href=\"https:\/\/quibi.com.co\/en\/productos\/\" \/>\n<meta property=\"og:locale\" content=\"en_US\" \/>\n<meta property=\"og:type\" content=\"article\" \/>\n<meta property=\"og:title\" content=\"Productos Farmac\u00e9uticos | Quibi | Empresa Farmaceutica | Colombia\" \/>\n<meta property=\"og:description\" content=\"Nos especializamos en el desarrollo, manufactura y comercializaci\u00f3n de medicamentos est\u00e9riles, no est\u00e9riles, antibi\u00f3ticos, s\u00f3lidos, oft\u00e1lmicos, dispositivos m\u00e9dicos y suplementos dietarios para uso humano y veterinario.\" \/>\n<meta property=\"og:url\" content=\"https:\/\/quibi.com.co\/en\/productos\/\" \/>\n<meta property=\"og:site_name\" content=\"Quibi | Empresa Farmaceutica | Colombia\" \/>\n<meta property=\"article:modified_time\" content=\"2022-09-29T13:55:52+00:00\" \/>\n<meta property=\"og:image\" content=\"https:\/\/quibi.com.co\/wp-content\/uploads\/2022\/09\/1.jpg\" \/>\n<meta name=\"twitter:card\" content=\"summary_large_image\" \/>\n<meta name=\"twitter:label1\" content=\"Est. reading time\" \/>\n\t<meta name=\"twitter:data1\" content=\"1 minute\" \/>\n<script type=\"application\/ld+json\" class=\"yoast-schema-graph\">{\"@context\":\"https:\\\/\\\/schema.org\",\"@graph\":[{\"@type\":\"WebPage\",\"@id\":\"https:\\\/\\\/quibi.com.co\\\/productos\\\/\",\"url\":\"https:\\\/\\\/quibi.com.co\\\/productos\\\/\",\"name\":\"Productos Farmac\u00e9uticos | Quibi | Empresa Farmaceutica | Colombia\",\"isPartOf\":{\"@id\":\"https:\\\/\\\/quibi.com.co\\\/#website\"},\"primaryImageOfPage\":{\"@id\":\"https:\\\/\\\/quibi.com.co\\\/productos\\\/#primaryimage\"},\"image\":{\"@id\":\"https:\\\/\\\/quibi.com.co\\\/productos\\\/#primaryimage\"},\"thumbnailUrl\":\"https:\\\/\\\/quibi.com.co\\\/wp-content\\\/uploads\\\/2022\\\/09\\\/1.jpg\",\"datePublished\":\"2022-06-14T16:25:59+00:00\",\"dateModified\":\"2022-09-29T13:55:52+00:00\",\"description\":\"Nos especializamos en el desarrollo, manufactura y comercializaci\u00f3n de medicamentos est\u00e9riles, no est\u00e9riles, antibi\u00f3ticos, s\u00f3lidos, oft\u00e1lmicos, dispositivos m\u00e9dicos y suplementos dietarios para uso humano y veterinario.\",\"breadcrumb\":{\"@id\":\"https:\\\/\\\/quibi.com.co\\\/productos\\\/#breadcrumb\"},\"inLanguage\":\"en-US\",\"potentialAction\":[{\"@type\":\"ReadAction\",\"target\":[\"https:\\\/\\\/quibi.com.co\\\/productos\\\/\"]}]},{\"@type\":\"ImageObject\",\"inLanguage\":\"en-US\",\"@id\":\"https:\\\/\\\/quibi.com.co\\\/productos\\\/#primaryimage\",\"url\":\"https:\\\/\\\/quibi.com.co\\\/wp-content\\\/uploads\\\/2022\\\/09\\\/1.jpg\",\"contentUrl\":\"https:\\\/\\\/quibi.com.co\\\/wp-content\\\/uploads\\\/2022\\\/09\\\/1.jpg\"},{\"@type\":\"BreadcrumbList\",\"@id\":\"https:\\\/\\\/quibi.com.co\\\/productos\\\/#breadcrumb\",\"itemListElement\":[{\"@type\":\"ListItem\",\"position\":1,\"name\":\"Inicio\",\"item\":\"https:\\\/\\\/quibi.com.co\\\/\"},{\"@type\":\"ListItem\",\"position\":2,\"name\":\"Productos\"}]},{\"@type\":\"WebSite\",\"@id\":\"https:\\\/\\\/quibi.com.co\\\/#website\",\"url\":\"https:\\\/\\\/quibi.com.co\\\/\",\"name\":\"Quibi | Empresa Farmaceutica | Colombia\",\"description\":\"Empresa farmac\u00e9utica especializada en el desarrollo, manufactura y comercializaci\u00f3n de medicamentos est\u00e9riles, no est\u00e9riles, antibi\u00f3ticos, s\u00f3lidos, oft\u00e1lmicos, dispositivos m\u00e9dicos y suplementos dietarios para uso humano y veterinario.\",\"publisher\":{\"@id\":\"https:\\\/\\\/quibi.com.co\\\/#organization\"},\"potentialAction\":[{\"@type\":\"SearchAction\",\"target\":{\"@type\":\"EntryPoint\",\"urlTemplate\":\"https:\\\/\\\/quibi.com.co\\\/?s={search_term_string}\"},\"query-input\":{\"@type\":\"PropertyValueSpecification\",\"valueRequired\":true,\"valueName\":\"search_term_string\"}}],\"inLanguage\":\"en-US\"},{\"@type\":\"Organization\",\"@id\":\"https:\\\/\\\/quibi.com.co\\\/#organization\",\"name\":\"Quibi | Empresa Farmaceutica | Colombia\",\"url\":\"https:\\\/\\\/quibi.com.co\\\/\",\"logo\":{\"@type\":\"ImageObject\",\"inLanguage\":\"en-US\",\"@id\":\"https:\\\/\\\/quibi.com.co\\\/#\\\/schema\\\/logo\\\/image\\\/\",\"url\":\"https:\\\/\\\/quibi.com.co\\\/wp-content\\\/uploads\\\/2022\\\/09\\\/header2-300x176-1.png\",\"contentUrl\":\"https:\\\/\\\/quibi.com.co\\\/wp-content\\\/uploads\\\/2022\\\/09\\\/header2-300x176-1.png\",\"width\":300,\"height\":176,\"caption\":\"Quibi | Empresa Farmaceutica | Colombia\"},\"image\":{\"@id\":\"https:\\\/\\\/quibi.com.co\\\/#\\\/schema\\\/logo\\\/image\\\/\"}}]}<\/script>\n<!-- \/ Yoast SEO plugin. -->","yoast_head_json":{"title":"Productos Farmac\u00e9uticos | Quibi | Empresa Farmaceutica | Colombia","description":"Nos especializamos en el desarrollo, manufactura y comercializaci\u00f3n de medicamentos est\u00e9riles, no est\u00e9riles, antibi\u00f3ticos, s\u00f3lidos, oft\u00e1lmicos, dispositivos m\u00e9dicos y suplementos dietarios para uso humano y veterinario.","robots":{"index":"index","follow":"follow","max-snippet":"max-snippet:-1","max-image-preview":"max-image-preview:large","max-video-preview":"max-video-preview:-1"},"canonical":"https:\/\/quibi.com.co\/en\/productos\/","og_locale":"en_US","og_type":"article","og_title":"Productos Farmac\u00e9uticos | Quibi | Empresa Farmaceutica | Colombia","og_description":"Nos especializamos en el desarrollo, manufactura y comercializaci\u00f3n de medicamentos est\u00e9riles, no est\u00e9riles, antibi\u00f3ticos, s\u00f3lidos, oft\u00e1lmicos, dispositivos m\u00e9dicos y suplementos dietarios para uso humano y veterinario.","og_url":"https:\/\/quibi.com.co\/en\/productos\/","og_site_name":"Quibi | Empresa Farmaceutica | Colombia","article_modified_time":"2022-09-29T13:55:52+00:00","og_image":[{"url":"https:\/\/quibi.com.co\/wp-content\/uploads\/2022\/09\/1.jpg","type":"","width":"","height":""}],"twitter_card":"summary_large_image","twitter_misc":{"Est. reading time":"1 minute"},"schema":{"@context":"https:\/\/schema.org","@graph":[{"@type":"WebPage","@id":"https:\/\/quibi.com.co\/productos\/","url":"https:\/\/quibi.com.co\/productos\/","name":"Productos Farmac\u00e9uticos | Quibi | Empresa Farmaceutica | Colombia","isPartOf":{"@id":"https:\/\/quibi.com.co\/#website"},"primaryImageOfPage":{"@id":"https:\/\/quibi.com.co\/productos\/#primaryimage"},"image":{"@id":"https:\/\/quibi.com.co\/productos\/#primaryimage"},"thumbnailUrl":"https:\/\/quibi.com.co\/wp-content\/uploads\/2022\/09\/1.jpg","datePublished":"2022-06-14T16:25:59+00:00","dateModified":"2022-09-29T13:55:52+00:00","description":"Nos especializamos en el desarrollo, manufactura y comercializaci\u00f3n de medicamentos est\u00e9riles, no est\u00e9riles, antibi\u00f3ticos, s\u00f3lidos, oft\u00e1lmicos, dispositivos m\u00e9dicos y suplementos dietarios para uso humano y veterinario.","breadcrumb":{"@id":"https:\/\/quibi.com.co\/productos\/#breadcrumb"},"inLanguage":"en-US","potentialAction":[{"@type":"ReadAction","target":["https:\/\/quibi.com.co\/productos\/"]}]},{"@type":"ImageObject","inLanguage":"en-US","@id":"https:\/\/quibi.com.co\/productos\/#primaryimage","url":"https:\/\/quibi.com.co\/wp-content\/uploads\/2022\/09\/1.jpg","contentUrl":"https:\/\/quibi.com.co\/wp-content\/uploads\/2022\/09\/1.jpg"},{"@type":"BreadcrumbList","@id":"https:\/\/quibi.com.co\/productos\/#breadcrumb","itemListElement":[{"@type":"ListItem","position":1,"name":"Inicio","item":"https:\/\/quibi.com.co\/"},{"@type":"ListItem","position":2,"name":"Productos"}]},{"@type":"WebSite","@id":"https:\/\/quibi.com.co\/#website","url":"https:\/\/quibi.com.co\/","name":"Quibi | Pharmaceutical Company | Colombia","description":"Pharmaceutical company specialized in the development, manufacture, and commercialization of sterile and non-sterile drugs, antibiotics, solids, ophthalmic drugs, medical devices and dietary supplements for human and veterinary use.","publisher":{"@id":"https:\/\/quibi.com.co\/#organization"},"potentialAction":[{"@type":"SearchAction","target":{"@type":"EntryPoint","urlTemplate":"https:\/\/quibi.com.co\/?s={search_term_string}"},"query-input":{"@type":"PropertyValueSpecification","valueRequired":true,"valueName":"search_term_string"}}],"inLanguage":"en-US"},{"@type":"Organization","@id":"https:\/\/quibi.com.co\/#organization","name":"Quibi | Pharmaceutical Company | Colombia","url":"https:\/\/quibi.com.co\/","logo":{"@type":"ImageObject","inLanguage":"en-US","@id":"https:\/\/quibi.com.co\/#\/schema\/logo\/image\/","url":"https:\/\/quibi.com.co\/wp-content\/uploads\/2022\/09\/header2-300x176-1.png","contentUrl":"https:\/\/quibi.com.co\/wp-content\/uploads\/2022\/09\/header2-300x176-1.png","width":300,"height":176,"caption":"Quibi | Empresa Farmaceutica | Colombia"},"image":{"@id":"https:\/\/quibi.com.co\/#\/schema\/logo\/image\/"}}]}},"_links":{"self":[{"href":"https:\/\/quibi.com.co\/en\/wp-json\/wp\/v2\/pages\/35","targetHints":{"allow":["GET"]}}],"collection":[{"href":"https:\/\/quibi.com.co\/en\/wp-json\/wp\/v2\/pages"}],"about":[{"href":"https:\/\/quibi.com.co\/en\/wp-json\/wp\/v2\/types\/page"}],"author":[{"embeddable":true,"href":"https:\/\/quibi.com.co\/en\/wp-json\/wp\/v2\/users\/1"}],"replies":[{"embeddable":true,"href":"https:\/\/quibi.com.co\/en\/wp-json\/wp\/v2\/comments?post=35"}],"version-history":[{"count":0,"href":"https:\/\/quibi.com.co\/en\/wp-json\/wp\/v2\/pages\/35\/revisions"}],"wp:attachment":[{"href":"https:\/\/quibi.com.co\/en\/wp-json\/wp\/v2\/media?parent=35"}],"curies":[{"name":"wp","href":"https:\/\/api.w.org\/{rel}","templated":true}]}}