{"id":3,"date":"2022-06-14T15:04:36","date_gmt":"2022-06-14T20:04:36","guid":{"rendered":"https:\/\/quibi.com.co\/?page_id=3"},"modified":"2022-09-06T00:03:29","modified_gmt":"2022-09-06T05:03:29","slug":"politicas-de-privacidad","status":"publish","type":"page","link":"https:\/\/quibi.com.co\/en\/politicas-de-privacidad\/","title":{"rendered":"Privacy Policy"},"content":{"rendered":"<div data-elementor-type=\"wp-page\" data-elementor-id=\"3\" class=\"elementor elementor-3\" data-elementor-post-type=\"page\">\n\t\t\t\t\t\t<section class=\"elementor-section elementor-top-section elementor-element elementor-element-2f935ad2 elementor-reverse-tablet elementor-reverse-mobile elementor-section-boxed elementor-section-height-default elementor-section-height-default\" data-id=\"2f935ad2\" data-element_type=\"section\" data-e-type=\"section\">\n\t\t\t\t\t\t<div class=\"elementor-container elementor-column-gap-default\">\n\t\t\t\t\t<div class=\"elementor-column elementor-col-100 elementor-top-column elementor-element elementor-element-6d2f7f6\" data-id=\"6d2f7f6\" data-element_type=\"column\" data-e-type=\"column\" data-settings=\"{&quot;background_background&quot;:&quot;classic&quot;}\">\n\t\t\t<div class=\"elementor-widget-wrap elementor-element-populated\">\n\t\t\t\t\t\t<div class=\"elementor-element elementor-element-4e93e63e elementor-widget elementor-widget-heading\" data-id=\"4e93e63e\" data-element_type=\"widget\" data-e-type=\"widget\" data-widget_type=\"heading.default\">\n\t\t\t\t<div class=\"elementor-widget-container\">\n\t\t\t\t\t<h2 class=\"elementor-heading-title elementor-size-default\">PRIVACY NOTICE AND EXPRESS AUTHORIZATION FOR THE PROCESSING OF PERSONAL DATA<\/h2>\t\t\t\t<\/div>\n\t\t\t\t<\/div>\n\t\t\t\t<div class=\"elementor-element elementor-element-18856184 elementor-widget-divider--view-line elementor-widget elementor-widget-divider\" data-id=\"18856184\" data-element_type=\"widget\" data-e-type=\"widget\" data-widget_type=\"divider.default\">\n\t\t\t\t<div class=\"elementor-widget-container\">\n\t\t\t\t\t\t\t<div class=\"elementor-divider\">\n\t\t\t<span class=\"elementor-divider-separator\">\n\t\t\t\t\t\t<\/span>\n\t\t<\/div>\n\t\t\t\t\t\t<\/div>\n\t\t\t\t<\/div>\n\t\t\t\t<div class=\"elementor-element elementor-element-f5471e2 elementor-widget elementor-widget-text-editor\" data-id=\"f5471e2\" data-element_type=\"widget\" data-e-type=\"widget\" data-widget_type=\"text-editor.default\">\n\t\t\t\t<div class=\"elementor-widget-container\">\n\t\t\t\t\t\t\t\t\t<p><strong>QUIBI S.A.<\/strong>, in compliance with what is defined in the Statutory Law 1581 of 2012, Decree 1074 of 2015, Decree 1377 of 2013 and our Personal Data Protection Policies and Procedures Manual, informs you that the personal data you provide, by virtue of the operations and contractual relationships you enter into with\u00a0<strong>QUIBI S.A.\u00a0<\/strong>will be treated through the use and maintenance of physical, technical, human, technological and\/or administrative security measures, in order to prevent unauthorized third parties from accessing them.<\/p>\n<p>We are hereby informing you that you are the Owner of the Personal Data you provide. The Processing (collection, updating, storage, use, circulation, transfer, transmission and\/or deletion) of your Personal Data will be carried out by\u00a0<strong>QUIBI S.A.<\/strong>, who will be responsible for the processing, thereof. The Personal Data provided will be included in a database in accordance with the provisions contained in the Statutory Law 1581 of 2012, Decree 1074 of 2015 and other applicable regulations through which general provisions for the protection of Personal Data are issued.<\/p>\n<p>The party responsible for the processing of your personal data is <strong>QUIBI S.A.<\/strong>, a commercial company, domiciled in the city of Bogot\u00e1, at Avenida Calle 1 No. 16 - 71, identified with the NIT number 860.024.141-4, who will collect and gather them through the different transactional channels and will be used for:<\/p>\n<p><em>i.\u00a0<\/em>Sales activities and provision of services.<\/p>\n<p><em>ii.\u00a0<\/em>Establish and maintain a contractual relationship, whatever its nature.<\/p>\n<p><em>iii.\u00a0<\/em>Registration and storage in the system.<\/p>\n<p><em>iv.\u00a0<\/em>To attend requests and any type of procedure, in relation to the manufacture and sale of products or services that are requested or required, in relation to the execution of the corporate purpose of\u00a0<strong>QUIBI S.A.<\/strong>, as well as to carry out billing, collection and collection procedures of the value of the products or services sold or provided by\u00a0<strong>QUIBI S.A.\u00a0<\/strong>to its customers.<\/p>\n<p><em>v.\u00a0<\/em>For the respective logistics operations.<\/p>\n<p><em>vi.\u00a0<\/em>To carry out satisfaction surveys and\/or service evaluation.<\/p>\n<p><em>vii.\u00a0<\/em>To carry out commercial research, market research, statistics, invitations, or calls for proposals.<\/p>\n<p><em>viii.\u00a0<\/em>To execute marketing activities such as promotions, advertising campaigns or contests.<\/p>\n<p><em>xi.\u00a0<\/em>To offer and inform about the company's products and\/or services.<\/p>\n<p><em>x.\u00a0<\/em>For consultation, analysis, evaluation, classification, compilation, and disposal.<\/p>\n<p><em>xi.\u00a0<\/em>For verification, confirmation, validation and\/or investigation with the data you obtain and those legitimately available to you.<\/p>\n<p><em>xii.\u00a0<\/em>To transmit information and data to local authorities and\/or foreign entities that require it in compliance with obligations arising from regulations and agreements.<\/p>\n<p><em>xiii.\u00a0<\/em>To send notifications, alerts, and legal and security information to any contact mechanism.<\/p>\n<p><em>xiv.\u00a0<\/em>To access, consult, compare and analyze my information stored in databases of credit, financial, judicial or security risk centers legitimately constituted, of state or private, national or foreign nature, or in any commercial or service database that allows to establish in a complete and historical manner my behavior as debtor, co-debtor, borrower, customer, guarantor, endorser, affiliate, associate, beneficiary, subscriber, contributor and\/or as holder of financial and commercial services or any other activity associated with the above.<\/p>\n<p>x<em>v.\u00a0<\/em>To fulfill the necessary functions according to the legal framework of the company's operation.<\/p>\n<p>You may exercise the rights that the data protection law provides, such as knowing, claiming, rectifying, updating and\/or requesting the deletion of your personal data, following the procedures that\u00a0<strong>QUIBI S.A.\u00a0<\/strong>provides for such purposes, which can be found in our Personal Data Protection Policies and Procedures Manual, published in our website\u00a0<a href=\"https:\/\/quibi.com.co\/en\/\">www.quibi.com.co.<\/a>\u00a0If you have any questions regarding the Manual or this document, please write to us at\u00a0<a href=\"mailto:datospersonales@quibi.com.co\">datospersonales@quibi.com.co<\/a>.<\/p>\n<p>Having read the above, I declare that I am informed about who is responsible for the processing of my personal data, that I am aware of the\u00a0<strong>QUIBI S.A.,\u00a0<\/strong>Personal Data Protection Policies and Procedures Manual, and, therefore, I voluntarily, previously, explicitly and unequivocally authorize <strong>QUIBI S.A.<\/strong>, its subsidiaries, subordinates and associates, as well as the officers in charge of the processing of personal data, so that the personal data that I have provided and those that I may provide in the future, by virtue of the operations that I request or enter into through any commercial, professional, labor, technical, administrative or financial means; are processed through the use and maintenance of physical, technical, human, technological and\/or administrative security measures, in order to prevent unauthorized third parties from accessing them. I declare that I am the owner of the information reported in this form to authorize the processing of my personal data and that the information reported is complete, reliable, truthful, accurate and truthful.<\/p>\t\t\t\t\t\t\t\t<\/div>\n\t\t\t\t<\/div>\n\t\t\t\t\t<\/div>\n\t\t<\/div>\n\t\t\t\t\t<\/div>\n\t\t<\/section>\n\t\t\t\t<\/div>","protected":false},"excerpt":{"rendered":"<p>AVISO DE PRIVACIDAD Y AUTORIZACI\u00d3N EXPRESA PARA EL TRATAMIENTO DE DATOS PERSONALES QUIBI S.A., en cumplimiento de lo definido en la Ley Estatutaria 1581 de 2012, el Decreto 1074 de 2015, el Decreto 1377 de 2013 y nuestro Manual de Pol\u00edticas y Procedimientos de Protecci\u00f3n de Datos Personales, le informa que los datos personales que &#8230; <a title=\"Privacy Policy\" class=\"read-more\" href=\"https:\/\/quibi.com.co\/en\/politicas-de-privacidad\/\" aria-label=\"Read more about Pol\u00edticas de Privacidad\">Read more<\/a><\/p>","protected":false},"author":1,"featured_media":0,"parent":0,"menu_order":0,"comment_status":"closed","ping_status":"closed","template":"","meta":{"footnotes":""},"class_list":["post-3","page","type-page","status-publish"],"yoast_head":"<!-- This site is optimized with the Yoast SEO plugin v27.5 - https:\/\/yoast.com\/product\/yoast-seo-wordpress\/ -->\n<title>Pol\u00edticas de Privacidad - Quibi | Empresa Farmaceutica | Colombia<\/title>\n<meta name=\"robots\" content=\"noindex, nofollow\" \/>\n<meta property=\"og:locale\" content=\"en_US\" \/>\n<meta property=\"og:type\" content=\"article\" \/>\n<meta property=\"og:title\" content=\"Pol\u00edticas de Privacidad - Quibi | Empresa Farmaceutica | Colombia\" \/>\n<meta property=\"og:description\" content=\"AVISO DE PRIVACIDAD Y AUTORIZACI\u00d3N EXPRESA PARA EL TRATAMIENTO DE DATOS PERSONALES QUIBI S.A., en cumplimiento de lo definido en la Ley Estatutaria 1581 de 2012, el Decreto 1074 de 2015, el Decreto 1377 de 2013 y nuestro Manual de Pol\u00edticas y Procedimientos de Protecci\u00f3n de Datos Personales, le informa que los datos personales que ... Read more\" \/>\n<meta property=\"og:url\" content=\"https:\/\/quibi.com.co\/en\/politicas-de-privacidad\/\" \/>\n<meta property=\"og:site_name\" content=\"Quibi | Empresa Farmaceutica | Colombia\" \/>\n<meta property=\"article:modified_time\" content=\"2022-09-06T05:03:29+00:00\" \/>\n<meta name=\"twitter:card\" content=\"summary_large_image\" \/>\n<meta name=\"twitter:label1\" content=\"Est. reading time\" \/>\n\t<meta name=\"twitter:data1\" content=\"4 minutes\" \/>\n<script type=\"application\/ld+json\" class=\"yoast-schema-graph\">{\"@context\":\"https:\\\/\\\/schema.org\",\"@graph\":[{\"@type\":\"WebPage\",\"@id\":\"https:\\\/\\\/quibi.com.co\\\/politicas-de-privacidad\\\/\",\"url\":\"https:\\\/\\\/quibi.com.co\\\/politicas-de-privacidad\\\/\",\"name\":\"Pol\u00edticas de Privacidad - Quibi | Empresa Farmaceutica | Colombia\",\"isPartOf\":{\"@id\":\"https:\\\/\\\/quibi.com.co\\\/#website\"},\"datePublished\":\"2022-06-14T20:04:36+00:00\",\"dateModified\":\"2022-09-06T05:03:29+00:00\",\"breadcrumb\":{\"@id\":\"https:\\\/\\\/quibi.com.co\\\/politicas-de-privacidad\\\/#breadcrumb\"},\"inLanguage\":\"en-US\",\"potentialAction\":[{\"@type\":\"ReadAction\",\"target\":[\"https:\\\/\\\/quibi.com.co\\\/politicas-de-privacidad\\\/\"]}]},{\"@type\":\"BreadcrumbList\",\"@id\":\"https:\\\/\\\/quibi.com.co\\\/politicas-de-privacidad\\\/#breadcrumb\",\"itemListElement\":[{\"@type\":\"ListItem\",\"position\":1,\"name\":\"Inicio\",\"item\":\"https:\\\/\\\/quibi.com.co\\\/\"},{\"@type\":\"ListItem\",\"position\":2,\"name\":\"Pol\u00edticas de Privacidad\"}]},{\"@type\":\"WebSite\",\"@id\":\"https:\\\/\\\/quibi.com.co\\\/#website\",\"url\":\"https:\\\/\\\/quibi.com.co\\\/\",\"name\":\"Quibi | Empresa Farmaceutica | Colombia\",\"description\":\"Empresa farmac\u00e9utica especializada en el desarrollo, manufactura y comercializaci\u00f3n de medicamentos est\u00e9riles, no est\u00e9riles, antibi\u00f3ticos, s\u00f3lidos, oft\u00e1lmicos, dispositivos m\u00e9dicos y suplementos dietarios para uso humano y veterinario.\",\"publisher\":{\"@id\":\"https:\\\/\\\/quibi.com.co\\\/#organization\"},\"potentialAction\":[{\"@type\":\"SearchAction\",\"target\":{\"@type\":\"EntryPoint\",\"urlTemplate\":\"https:\\\/\\\/quibi.com.co\\\/?s={search_term_string}\"},\"query-input\":{\"@type\":\"PropertyValueSpecification\",\"valueRequired\":true,\"valueName\":\"search_term_string\"}}],\"inLanguage\":\"en-US\"},{\"@type\":\"Organization\",\"@id\":\"https:\\\/\\\/quibi.com.co\\\/#organization\",\"name\":\"Quibi | Empresa Farmaceutica | Colombia\",\"url\":\"https:\\\/\\\/quibi.com.co\\\/\",\"logo\":{\"@type\":\"ImageObject\",\"inLanguage\":\"en-US\",\"@id\":\"https:\\\/\\\/quibi.com.co\\\/#\\\/schema\\\/logo\\\/image\\\/\",\"url\":\"https:\\\/\\\/quibi.com.co\\\/wp-content\\\/uploads\\\/2022\\\/09\\\/header2-300x176-1.png\",\"contentUrl\":\"https:\\\/\\\/quibi.com.co\\\/wp-content\\\/uploads\\\/2022\\\/09\\\/header2-300x176-1.png\",\"width\":300,\"height\":176,\"caption\":\"Quibi | Empresa Farmaceutica | Colombia\"},\"image\":{\"@id\":\"https:\\\/\\\/quibi.com.co\\\/#\\\/schema\\\/logo\\\/image\\\/\"}}]}<\/script>\n<!-- \/ Yoast SEO plugin. -->","yoast_head_json":{"title":"Pol\u00edticas de Privacidad - Quibi | Empresa Farmaceutica | Colombia","robots":{"index":"noindex","follow":"nofollow"},"og_locale":"en_US","og_type":"article","og_title":"Pol\u00edticas de Privacidad - Quibi | Empresa Farmaceutica | Colombia","og_description":"AVISO DE PRIVACIDAD Y AUTORIZACI\u00d3N EXPRESA PARA EL TRATAMIENTO DE DATOS PERSONALES QUIBI S.A., en cumplimiento de lo definido en la Ley Estatutaria 1581 de 2012, el Decreto 1074 de 2015, el Decreto 1377 de 2013 y nuestro Manual de Pol\u00edticas y Procedimientos de Protecci\u00f3n de Datos Personales, le informa que los datos personales que ... Read more","og_url":"https:\/\/quibi.com.co\/en\/politicas-de-privacidad\/","og_site_name":"Quibi | Empresa Farmaceutica | Colombia","article_modified_time":"2022-09-06T05:03:29+00:00","twitter_card":"summary_large_image","twitter_misc":{"Est. reading time":"4 minutes"},"schema":{"@context":"https:\/\/schema.org","@graph":[{"@type":"WebPage","@id":"https:\/\/quibi.com.co\/politicas-de-privacidad\/","url":"https:\/\/quibi.com.co\/politicas-de-privacidad\/","name":"Pol\u00edticas de Privacidad - Quibi | Empresa Farmaceutica | Colombia","isPartOf":{"@id":"https:\/\/quibi.com.co\/#website"},"datePublished":"2022-06-14T20:04:36+00:00","dateModified":"2022-09-06T05:03:29+00:00","breadcrumb":{"@id":"https:\/\/quibi.com.co\/politicas-de-privacidad\/#breadcrumb"},"inLanguage":"en-US","potentialAction":[{"@type":"ReadAction","target":["https:\/\/quibi.com.co\/politicas-de-privacidad\/"]}]},{"@type":"BreadcrumbList","@id":"https:\/\/quibi.com.co\/politicas-de-privacidad\/#breadcrumb","itemListElement":[{"@type":"ListItem","position":1,"name":"Inicio","item":"https:\/\/quibi.com.co\/"},{"@type":"ListItem","position":2,"name":"Pol\u00edticas de Privacidad"}]},{"@type":"WebSite","@id":"https:\/\/quibi.com.co\/#website","url":"https:\/\/quibi.com.co\/","name":"Quibi | Pharmaceutical Company | Colombia","description":"Pharmaceutical company specialized in the development, manufacture, and commercialization of sterile and non-sterile drugs, antibiotics, solids, ophthalmic drugs, medical devices and dietary supplements for human and veterinary use.","publisher":{"@id":"https:\/\/quibi.com.co\/#organization"},"potentialAction":[{"@type":"SearchAction","target":{"@type":"EntryPoint","urlTemplate":"https:\/\/quibi.com.co\/?s={search_term_string}"},"query-input":{"@type":"PropertyValueSpecification","valueRequired":true,"valueName":"search_term_string"}}],"inLanguage":"en-US"},{"@type":"Organization","@id":"https:\/\/quibi.com.co\/#organization","name":"Quibi | Pharmaceutical Company | Colombia","url":"https:\/\/quibi.com.co\/","logo":{"@type":"ImageObject","inLanguage":"en-US","@id":"https:\/\/quibi.com.co\/#\/schema\/logo\/image\/","url":"https:\/\/quibi.com.co\/wp-content\/uploads\/2022\/09\/header2-300x176-1.png","contentUrl":"https:\/\/quibi.com.co\/wp-content\/uploads\/2022\/09\/header2-300x176-1.png","width":300,"height":176,"caption":"Quibi | Empresa Farmaceutica | Colombia"},"image":{"@id":"https:\/\/quibi.com.co\/#\/schema\/logo\/image\/"}}]}},"_links":{"self":[{"href":"https:\/\/quibi.com.co\/en\/wp-json\/wp\/v2\/pages\/3","targetHints":{"allow":["GET"]}}],"collection":[{"href":"https:\/\/quibi.com.co\/en\/wp-json\/wp\/v2\/pages"}],"about":[{"href":"https:\/\/quibi.com.co\/en\/wp-json\/wp\/v2\/types\/page"}],"author":[{"embeddable":true,"href":"https:\/\/quibi.com.co\/en\/wp-json\/wp\/v2\/users\/1"}],"replies":[{"embeddable":true,"href":"https:\/\/quibi.com.co\/en\/wp-json\/wp\/v2\/comments?post=3"}],"version-history":[{"count":0,"href":"https:\/\/quibi.com.co\/en\/wp-json\/wp\/v2\/pages\/3\/revisions"}],"wp:attachment":[{"href":"https:\/\/quibi.com.co\/en\/wp-json\/wp\/v2\/media?parent=3"}],"curies":[{"name":"wp","href":"https:\/\/api.w.org\/{rel}","templated":true}]}}