{"id":27,"date":"2022-06-14T11:22:36","date_gmt":"2022-06-14T16:22:36","guid":{"rendered":"https:\/\/quibi.com.co\/?page_id=27"},"modified":"2022-09-29T22:20:48","modified_gmt":"2022-09-30T03:20:48","slug":"nosotros","status":"publish","type":"page","link":"https:\/\/quibi.com.co\/en\/nosotros\/","title":{"rendered":"Who We Are"},"content":{"rendered":"<div data-elementor-type=\"wp-page\" data-elementor-id=\"27\" class=\"elementor elementor-27\" data-elementor-post-type=\"page\">\n\t\t\t\t\t\t<section class=\"elementor-section elementor-top-section elementor-element elementor-element-08aeb55 elementor-section-boxed elementor-section-height-default elementor-section-height-default\" data-id=\"08aeb55\" data-element_type=\"section\" data-e-type=\"section\">\n\t\t\t\t\t\t<div class=\"elementor-container elementor-column-gap-default\">\n\t\t\t\t\t<div class=\"elementor-column elementor-col-100 elementor-top-column elementor-element elementor-element-aa3c263\" data-id=\"aa3c263\" data-element_type=\"column\" data-e-type=\"column\">\n\t\t\t<div class=\"elementor-widget-wrap elementor-element-populated\">\n\t\t\t\t\t\t<div class=\"elementor-element elementor-element-2e15df4 elementor-align-left elementor-widget elementor-widget-breadcrumbs\" data-id=\"2e15df4\" data-element_type=\"widget\" data-e-type=\"widget\" data-widget_type=\"breadcrumbs.default\">\n\t\t\t\t<div class=\"elementor-widget-container\">\n\t\t\t\t\t<nav id=\"breadcrumbs\"><span><span><a href=\"https:\/\/quibi.com.co\/en\/\"><i class=\"fa fa-home\" aria-hidden=\"true\"><\/i> Home<\/a><\/span><\/span><\/nav>\t\t\t\t<\/div>\n\t\t\t\t<\/div>\n\t\t\t\t\t<\/div>\n\t\t<\/div>\n\t\t\t\t\t<\/div>\n\t\t<\/section>\n\t\t\t\t<section class=\"elementor-section elementor-top-section elementor-element elementor-element-9cb2655 elementor-section-boxed elementor-section-height-default elementor-section-height-default\" data-id=\"9cb2655\" data-element_type=\"section\" data-e-type=\"section\">\n\t\t\t\t\t\t<div class=\"elementor-container elementor-column-gap-default\">\n\t\t\t\t\t<div class=\"elementor-column elementor-col-33 elementor-top-column elementor-element elementor-element-e26cdf1\" data-id=\"e26cdf1\" data-element_type=\"column\" data-e-type=\"column\">\n\t\t\t<div class=\"elementor-widget-wrap\">\n\t\t\t\t\t\t\t<\/div>\n\t\t<\/div>\n\t\t\t\t<div class=\"elementor-column elementor-col-33 elementor-top-column elementor-element elementor-element-41f95a4\" data-id=\"41f95a4\" data-element_type=\"column\" data-e-type=\"column\">\n\t\t\t<div class=\"elementor-widget-wrap elementor-element-populated\">\n\t\t\t\t\t\t<div class=\"elementor-element elementor-element-7fadb25 title elementor-widget elementor-widget-heading\" data-id=\"7fadb25\" data-element_type=\"widget\" data-e-type=\"widget\" data-widget_type=\"heading.default\">\n\t\t\t\t<div class=\"elementor-widget-container\">\n\t\t\t\t\t<h2 class=\"elementor-heading-title elementor-size-medium\">WHO WE ARE<\/h2>\t\t\t\t<\/div>\n\t\t\t\t<\/div>\n\t\t\t\t\t<\/div>\n\t\t<\/div>\n\t\t\t\t<div class=\"elementor-column elementor-col-33 elementor-top-column elementor-element elementor-element-72dac5d\" data-id=\"72dac5d\" data-element_type=\"column\" data-e-type=\"column\">\n\t\t\t<div class=\"elementor-widget-wrap\">\n\t\t\t\t\t\t\t<\/div>\n\t\t<\/div>\n\t\t\t\t\t<\/div>\n\t\t<\/section>\n\t\t\t\t<section class=\"elementor-section elementor-top-section elementor-element elementor-element-40e70b3 elementor-section-boxed elementor-section-height-default elementor-section-height-default\" data-id=\"40e70b3\" data-element_type=\"section\" data-e-type=\"section\">\n\t\t\t\t\t\t<div class=\"elementor-container elementor-column-gap-default\">\n\t\t\t\t\t<div class=\"elementor-column elementor-col-16 elementor-top-column elementor-element elementor-element-c33d00a\" data-id=\"c33d00a\" data-element_type=\"column\" data-e-type=\"column\">\n\t\t\t<div class=\"elementor-widget-wrap\">\n\t\t\t\t\t\t\t<\/div>\n\t\t<\/div>\n\t\t\t\t<div class=\"elementor-column elementor-col-66 elementor-top-column elementor-element elementor-element-679bbd1\" data-id=\"679bbd1\" data-element_type=\"column\" data-e-type=\"column\">\n\t\t\t<div class=\"elementor-widget-wrap elementor-element-populated\">\n\t\t\t\t\t\t<div class=\"elementor-element elementor-element-9564ddf elementor-widget elementor-widget-accordion\" data-id=\"9564ddf\" data-element_type=\"widget\" data-e-type=\"widget\" data-widget_type=\"accordion.default\">\n\t\t\t\t<div class=\"elementor-widget-container\">\n\t\t\t\t\t\t\t<div class=\"elementor-accordion\">\n\t\t\t\t\t\t\t<div class=\"elementor-accordion-item\">\n\t\t\t\t\t<div id=\"elementor-tab-title-1561\" class=\"elementor-tab-title\" data-tab=\"1\" role=\"button\" aria-controls=\"elementor-tab-content-1561\" aria-expanded=\"false\">\n\t\t\t\t\t\t\t\t\t\t\t\t<a class=\"elementor-accordion-title\" tabindex=\"0\">Who we are<\/a>\n\t\t\t\t\t<\/div>\n\t\t\t\t\t<div id=\"elementor-tab-content-1561\" class=\"elementor-tab-content elementor-clearfix\" data-tab=\"1\" role=\"region\" aria-labelledby=\"elementor-tab-title-1561\"><img decoding=\"async\" class=\"aligncenter\" src=\"https:\/\/quibi.com.co\/wp-content\/uploads\/2022\/09\/5d0baf74591f16f43879ebae09dbbc91.jpg\" alt=\"Quibi\" \/>\n\n<strong>QUIBI\u00a0<\/strong>is an international pharmaceutical company with over 70 years of continuous success, specializing in developing, manufacturing, and commercializing a wide variety of products for human consumption, including sterile and non-sterile, antibiotics in different forms, solids, I.V feeding bags, peritoneal dialysis, and much more. We also manufacture products  for veterinary use, meeting or exceeding the highest standards of international quality.\n\n<strong>QUIBI<\/strong>\u00a0is a team of professionals determined to work under the strictest compliance of the international pharmacopeia, meeting the highest scientific rigor.<\/div>\n\t\t\t\t<\/div>\n\t\t\t\t\t\t\t<div class=\"elementor-accordion-item\">\n\t\t\t\t\t<div id=\"elementor-tab-title-1562\" class=\"elementor-tab-title\" data-tab=\"2\" role=\"button\" aria-controls=\"elementor-tab-content-1562\" aria-expanded=\"false\">\n\t\t\t\t\t\t\t\t\t\t\t\t<a class=\"elementor-accordion-title\" tabindex=\"0\">Mission<\/a>\n\t\t\t\t\t<\/div>\n\t\t\t\t\t<div id=\"elementor-tab-content-1562\" class=\"elementor-tab-content elementor-clearfix\" data-tab=\"2\" role=\"region\" aria-labelledby=\"elementor-tab-title-1562\"><img decoding=\"async\" class=\"img-nosotros aligncenter\" title=\"Mission\" src=\"https:\/\/quibi.com.co\/wp-content\/uploads\/2022\/09\/578b6334eac677fef79c5e40911400d8.png\" alt=\"Misi\u00f3n Quibi\" width=\"173\" height=\"124\" \/>\n\nDeveloping, manufacturing, and commercializing pharmaceutical products for human and veterinary use, to contribute to improve the health and welfare of communities around the world.\n\nOffering contract manufacturing and a variety of services to the Pharmaceutical Industry at home and intenationally, meeting the highest standards of quility and with the most rogorous diligence.<\/div>\n\t\t\t\t<\/div>\n\t\t\t\t\t\t\t<div class=\"elementor-accordion-item\">\n\t\t\t\t\t<div id=\"elementor-tab-title-1563\" class=\"elementor-tab-title\" data-tab=\"3\" role=\"button\" aria-controls=\"elementor-tab-content-1563\" aria-expanded=\"false\">\n\t\t\t\t\t\t\t\t\t\t\t\t<a class=\"elementor-accordion-title\" tabindex=\"0\">Vision<\/a>\n\t\t\t\t\t<\/div>\n\t\t\t\t\t<div id=\"elementor-tab-content-1563\" class=\"elementor-tab-content elementor-clearfix\" data-tab=\"3\" role=\"region\" aria-labelledby=\"elementor-tab-title-1563\"><img decoding=\"async\" class=\"img-nosotros aligncenter\" title=\"Vision\" src=\"https:\/\/quibi.com.co\/wp-content\/uploads\/2022\/09\/4229587868f7e62ebec4aae70300f3c7.png\" alt=\"Visi\u00f3n Quibi\" width=\"184\" height=\"105\" \/>\n\n<strong>QUIBI\u00a0<\/strong>will consolidate its standing within the international pharmaceutical industry  be means of enlarging its market participation, bolstering its image of the finest quality in contract manufacturing and pharmaceutical services, and its strength in marketing, commercializing, and distributing medicines and medical devises as well.<\/div>\n\t\t\t\t<\/div>\n\t\t\t\t\t\t\t\t<\/div>\n\t\t\t\t\t\t<\/div>\n\t\t\t\t<\/div>\n\t\t\t\t\t<\/div>\n\t\t<\/div>\n\t\t\t\t<div class=\"elementor-column elementor-col-16 elementor-top-column elementor-element elementor-element-b056d7b\" data-id=\"b056d7b\" data-element_type=\"column\" data-e-type=\"column\">\n\t\t\t<div class=\"elementor-widget-wrap\">\n\t\t\t\t\t\t\t<\/div>\n\t\t<\/div>\n\t\t\t\t\t<\/div>\n\t\t<\/section>\n\t\t\t\t<\/div>","protected":false},"excerpt":{"rendered":"<p>NOSOTROS Quienes Somos QUIBI\u00a0es una empresa farmac\u00e9utica especializada en el desarrollo, manufactura y comercializaci\u00f3n de medicamentos est\u00e9riles, no est\u00e9riles, antibi\u00f3ticos, s\u00f3lidos, oft\u00e1lmicos, dispositivos m\u00e9dicos y suplementos dietarios para uso humano y veterinario con m\u00e1s de 70 a\u00f1os de experiencia en el mercado farmac\u00e9utico nacional. Nos especializamos en fabricaci\u00f3n por contrato de marcas propias. QUIBI\u00a0es un &#8230; <a title=\"Who We Are\" class=\"read-more\" href=\"https:\/\/quibi.com.co\/en\/nosotros\/\" aria-label=\"Read more about Nosotros\">Read more<\/a><\/p>","protected":false},"author":1,"featured_media":0,"parent":0,"menu_order":0,"comment_status":"closed","ping_status":"closed","template":"","meta":{"footnotes":""},"class_list":["post-27","page","type-page","status-publish"],"yoast_head":"<!-- This site is optimized with the Yoast SEO plugin v27.5 - https:\/\/yoast.com\/product\/yoast-seo-wordpress\/ -->\n<title>Sobre Nosotros | Quibi | Empresa Farmaceutica | Colombia<\/title>\n<meta name=\"description\" content=\"Somos una empresa farmac\u00e9utica conformada por un equipo de profesionales, t\u00e9cnicos, tecn\u00f3logos y operarios, determinaos a producir productos de la m\u00e1s alta calidad.\" \/>\n<meta name=\"robots\" content=\"index, follow, max-snippet:-1, max-image-preview:large, max-video-preview:-1\" \/>\n<link rel=\"canonical\" href=\"https:\/\/quibi.com.co\/en\/nosotros\/\" \/>\n<meta property=\"og:locale\" content=\"en_US\" \/>\n<meta property=\"og:type\" content=\"article\" \/>\n<meta property=\"og:title\" content=\"Sobre Nosotros | Quibi | Empresa Farmaceutica | Colombia\" \/>\n<meta property=\"og:description\" content=\"Somos una empresa farmac\u00e9utica conformada por un equipo de profesionales, t\u00e9cnicos, tecn\u00f3logos y operarios, determinaos a producir productos de la m\u00e1s alta calidad.\" \/>\n<meta property=\"og:url\" content=\"https:\/\/quibi.com.co\/en\/nosotros\/\" \/>\n<meta property=\"og:site_name\" content=\"Quibi | Empresa Farmaceutica | Colombia\" \/>\n<meta property=\"article:modified_time\" content=\"2022-09-30T03:20:48+00:00\" \/>\n<meta property=\"og:image\" content=\"https:\/\/quibi.com.co\/wp-content\/uploads\/2022\/09\/5d0baf74591f16f43879ebae09dbbc91.jpg\" \/>\n<meta name=\"twitter:card\" content=\"summary_large_image\" \/>\n<meta name=\"twitter:label1\" content=\"Est. reading time\" \/>\n\t<meta name=\"twitter:data1\" content=\"2 minutes\" \/>\n<script type=\"application\/ld+json\" class=\"yoast-schema-graph\">{\"@context\":\"https:\\\/\\\/schema.org\",\"@graph\":[{\"@type\":\"WebPage\",\"@id\":\"https:\\\/\\\/quibi.com.co\\\/nosotros\\\/\",\"url\":\"https:\\\/\\\/quibi.com.co\\\/nosotros\\\/\",\"name\":\"Sobre Nosotros | Quibi | Empresa Farmaceutica | Colombia\",\"isPartOf\":{\"@id\":\"https:\\\/\\\/quibi.com.co\\\/#website\"},\"primaryImageOfPage\":{\"@id\":\"https:\\\/\\\/quibi.com.co\\\/nosotros\\\/#primaryimage\"},\"image\":{\"@id\":\"https:\\\/\\\/quibi.com.co\\\/nosotros\\\/#primaryimage\"},\"thumbnailUrl\":\"https:\\\/\\\/quibi.com.co\\\/wp-content\\\/uploads\\\/2022\\\/09\\\/5d0baf74591f16f43879ebae09dbbc91.jpg\",\"datePublished\":\"2022-06-14T16:22:36+00:00\",\"dateModified\":\"2022-09-30T03:20:48+00:00\",\"description\":\"Somos una empresa farmac\u00e9utica conformada por un equipo de profesionales, t\u00e9cnicos, tecn\u00f3logos y operarios, determinaos a producir productos de la m\u00e1s alta calidad.\",\"breadcrumb\":{\"@id\":\"https:\\\/\\\/quibi.com.co\\\/nosotros\\\/#breadcrumb\"},\"inLanguage\":\"en-US\",\"potentialAction\":[{\"@type\":\"ReadAction\",\"target\":[\"https:\\\/\\\/quibi.com.co\\\/nosotros\\\/\"]}]},{\"@type\":\"ImageObject\",\"inLanguage\":\"en-US\",\"@id\":\"https:\\\/\\\/quibi.com.co\\\/nosotros\\\/#primaryimage\",\"url\":\"https:\\\/\\\/quibi.com.co\\\/wp-content\\\/uploads\\\/2022\\\/09\\\/5d0baf74591f16f43879ebae09dbbc91.jpg\",\"contentUrl\":\"https:\\\/\\\/quibi.com.co\\\/wp-content\\\/uploads\\\/2022\\\/09\\\/5d0baf74591f16f43879ebae09dbbc91.jpg\"},{\"@type\":\"BreadcrumbList\",\"@id\":\"https:\\\/\\\/quibi.com.co\\\/nosotros\\\/#breadcrumb\",\"itemListElement\":[{\"@type\":\"ListItem\",\"position\":1,\"name\":\"Inicio\",\"item\":\"https:\\\/\\\/quibi.com.co\\\/\"},{\"@type\":\"ListItem\",\"position\":2,\"name\":\"Nosotros\"}]},{\"@type\":\"WebSite\",\"@id\":\"https:\\\/\\\/quibi.com.co\\\/#website\",\"url\":\"https:\\\/\\\/quibi.com.co\\\/\",\"name\":\"Quibi | Empresa Farmaceutica | Colombia\",\"description\":\"Empresa farmac\u00e9utica especializada en el desarrollo, manufactura y comercializaci\u00f3n de medicamentos est\u00e9riles, no est\u00e9riles, antibi\u00f3ticos, s\u00f3lidos, oft\u00e1lmicos, dispositivos m\u00e9dicos y suplementos dietarios para uso humano y veterinario.\",\"publisher\":{\"@id\":\"https:\\\/\\\/quibi.com.co\\\/#organization\"},\"potentialAction\":[{\"@type\":\"SearchAction\",\"target\":{\"@type\":\"EntryPoint\",\"urlTemplate\":\"https:\\\/\\\/quibi.com.co\\\/?s={search_term_string}\"},\"query-input\":{\"@type\":\"PropertyValueSpecification\",\"valueRequired\":true,\"valueName\":\"search_term_string\"}}],\"inLanguage\":\"en-US\"},{\"@type\":\"Organization\",\"@id\":\"https:\\\/\\\/quibi.com.co\\\/#organization\",\"name\":\"Quibi | Empresa Farmaceutica | Colombia\",\"url\":\"https:\\\/\\\/quibi.com.co\\\/\",\"logo\":{\"@type\":\"ImageObject\",\"inLanguage\":\"en-US\",\"@id\":\"https:\\\/\\\/quibi.com.co\\\/#\\\/schema\\\/logo\\\/image\\\/\",\"url\":\"https:\\\/\\\/quibi.com.co\\\/wp-content\\\/uploads\\\/2022\\\/09\\\/header2-300x176-1.png\",\"contentUrl\":\"https:\\\/\\\/quibi.com.co\\\/wp-content\\\/uploads\\\/2022\\\/09\\\/header2-300x176-1.png\",\"width\":300,\"height\":176,\"caption\":\"Quibi | Empresa Farmaceutica | Colombia\"},\"image\":{\"@id\":\"https:\\\/\\\/quibi.com.co\\\/#\\\/schema\\\/logo\\\/image\\\/\"}}]}<\/script>\n<!-- \/ Yoast SEO plugin. -->","yoast_head_json":{"title":"Sobre Nosotros | Quibi | Empresa Farmaceutica | Colombia","description":"Somos una empresa farmac\u00e9utica conformada por un equipo de profesionales, t\u00e9cnicos, tecn\u00f3logos y operarios, determinaos a producir productos de la m\u00e1s alta calidad.","robots":{"index":"index","follow":"follow","max-snippet":"max-snippet:-1","max-image-preview":"max-image-preview:large","max-video-preview":"max-video-preview:-1"},"canonical":"https:\/\/quibi.com.co\/en\/nosotros\/","og_locale":"en_US","og_type":"article","og_title":"Sobre Nosotros | Quibi | Empresa Farmaceutica | Colombia","og_description":"Somos una empresa farmac\u00e9utica conformada por un equipo de profesionales, t\u00e9cnicos, tecn\u00f3logos y operarios, determinaos a producir productos de la m\u00e1s alta calidad.","og_url":"https:\/\/quibi.com.co\/en\/nosotros\/","og_site_name":"Quibi | Empresa Farmaceutica | Colombia","article_modified_time":"2022-09-30T03:20:48+00:00","og_image":[{"url":"https:\/\/quibi.com.co\/wp-content\/uploads\/2022\/09\/5d0baf74591f16f43879ebae09dbbc91.jpg","type":"","width":"","height":""}],"twitter_card":"summary_large_image","twitter_misc":{"Est. reading time":"2 minutes"},"schema":{"@context":"https:\/\/schema.org","@graph":[{"@type":"WebPage","@id":"https:\/\/quibi.com.co\/nosotros\/","url":"https:\/\/quibi.com.co\/nosotros\/","name":"Sobre Nosotros | Quibi | Empresa Farmaceutica | Colombia","isPartOf":{"@id":"https:\/\/quibi.com.co\/#website"},"primaryImageOfPage":{"@id":"https:\/\/quibi.com.co\/nosotros\/#primaryimage"},"image":{"@id":"https:\/\/quibi.com.co\/nosotros\/#primaryimage"},"thumbnailUrl":"https:\/\/quibi.com.co\/wp-content\/uploads\/2022\/09\/5d0baf74591f16f43879ebae09dbbc91.jpg","datePublished":"2022-06-14T16:22:36+00:00","dateModified":"2022-09-30T03:20:48+00:00","description":"Somos una empresa farmac\u00e9utica conformada por un equipo de profesionales, t\u00e9cnicos, tecn\u00f3logos y operarios, determinaos a producir productos de la m\u00e1s alta calidad.","breadcrumb":{"@id":"https:\/\/quibi.com.co\/nosotros\/#breadcrumb"},"inLanguage":"en-US","potentialAction":[{"@type":"ReadAction","target":["https:\/\/quibi.com.co\/nosotros\/"]}]},{"@type":"ImageObject","inLanguage":"en-US","@id":"https:\/\/quibi.com.co\/nosotros\/#primaryimage","url":"https:\/\/quibi.com.co\/wp-content\/uploads\/2022\/09\/5d0baf74591f16f43879ebae09dbbc91.jpg","contentUrl":"https:\/\/quibi.com.co\/wp-content\/uploads\/2022\/09\/5d0baf74591f16f43879ebae09dbbc91.jpg"},{"@type":"BreadcrumbList","@id":"https:\/\/quibi.com.co\/nosotros\/#breadcrumb","itemListElement":[{"@type":"ListItem","position":1,"name":"Inicio","item":"https:\/\/quibi.com.co\/"},{"@type":"ListItem","position":2,"name":"Nosotros"}]},{"@type":"WebSite","@id":"https:\/\/quibi.com.co\/#website","url":"https:\/\/quibi.com.co\/","name":"Quibi | Pharmaceutical Company | Colombia","description":"Pharmaceutical company specialized in the development, manufacture, and commercialization of sterile and non-sterile drugs, antibiotics, solids, ophthalmic drugs, medical devices and dietary supplements for human and veterinary use.","publisher":{"@id":"https:\/\/quibi.com.co\/#organization"},"potentialAction":[{"@type":"SearchAction","target":{"@type":"EntryPoint","urlTemplate":"https:\/\/quibi.com.co\/?s={search_term_string}"},"query-input":{"@type":"PropertyValueSpecification","valueRequired":true,"valueName":"search_term_string"}}],"inLanguage":"en-US"},{"@type":"Organization","@id":"https:\/\/quibi.com.co\/#organization","name":"Quibi | Pharmaceutical Company | Colombia","url":"https:\/\/quibi.com.co\/","logo":{"@type":"ImageObject","inLanguage":"en-US","@id":"https:\/\/quibi.com.co\/#\/schema\/logo\/image\/","url":"https:\/\/quibi.com.co\/wp-content\/uploads\/2022\/09\/header2-300x176-1.png","contentUrl":"https:\/\/quibi.com.co\/wp-content\/uploads\/2022\/09\/header2-300x176-1.png","width":300,"height":176,"caption":"Quibi | Empresa Farmaceutica | Colombia"},"image":{"@id":"https:\/\/quibi.com.co\/#\/schema\/logo\/image\/"}}]}},"_links":{"self":[{"href":"https:\/\/quibi.com.co\/en\/wp-json\/wp\/v2\/pages\/27","targetHints":{"allow":["GET"]}}],"collection":[{"href":"https:\/\/quibi.com.co\/en\/wp-json\/wp\/v2\/pages"}],"about":[{"href":"https:\/\/quibi.com.co\/en\/wp-json\/wp\/v2\/types\/page"}],"author":[{"embeddable":true,"href":"https:\/\/quibi.com.co\/en\/wp-json\/wp\/v2\/users\/1"}],"replies":[{"embeddable":true,"href":"https:\/\/quibi.com.co\/en\/wp-json\/wp\/v2\/comments?post=27"}],"version-history":[{"count":0,"href":"https:\/\/quibi.com.co\/en\/wp-json\/wp\/v2\/pages\/27\/revisions"}],"wp:attachment":[{"href":"https:\/\/quibi.com.co\/en\/wp-json\/wp\/v2\/media?parent=27"}],"curies":[{"name":"wp","href":"https:\/\/api.w.org\/{rel}","templated":true}]}}